{"id":167,"date":"2016-09-09T05:54:38","date_gmt":"2016-09-09T03:54:38","guid":{"rendered":"http:\/\/www.if-laos.org\/linstitut-francais-du-laos\/?lang=en"},"modified":"2016-10-13T11:54:34","modified_gmt":"2016-10-13T04:54:34","slug":"linstitut-francais-du-laos","status":"publish","type":"page","link":"http:\/\/www.if-laos.org\/en\/linstitut-francais-du-laos\/","title":{"rendered":"L&#8217;Institut fran\u00e7ais du Laos"},"content":{"rendered":"<blockquote>\n<p style=\"text-align: justify;\"><a href=\"http:\/\/www.if-laos.org\/linstitut-francais-du-laos\/iflaos-batiment-2\/\" rel=\"attachment wp-att-106\"><img loading=\"lazy\" class=\"alignleft size-medium wp-image-106\" src=\"http:\/\/www.if-laos.org\/wp-content\/uploads\/2016\/09\/iflaos-batiment-1-300x140.jpg\" alt=\"iflaos-batiment\" width=\"300\" height=\"140\" srcset=\"http:\/\/www.if-laos.org\/wp-content\/uploads\/2016\/09\/iflaos-batiment-1-300x140.jpg 300w, http:\/\/www.if-laos.org\/wp-content\/uploads\/2016\/09\/iflaos-batiment-1.jpg 619w\" sizes=\"(max-width: 300px) 100vw, 300px\" \/><\/a><\/p>\n<p style=\"text-align: justify;\"><span style=\"color: #085987;\">One main site in Vientiane and a branch in Luang Prabang<\/span><\/p>\n<p style=\"text-align: justify;\"><span style=\"color: #085987;\">Initially created within the premises of the Embassy as a langage service, it was inaugurated on January 14th 1994 in its current premises as a French Language Center by Mr Jacques Chirac, then Mayor of Paris. In January 1995, it became a financially autonomous institution under the name of \u00ab\u00a0Cultural and Linguistic Cooperation Center\u00a0\u00bb.It has now become an Institut fran\u00e7ais and remains the main player in the field of French cultural and university cooperation in Laos.<\/span><\/p>\n<\/blockquote>\n<div class=\"description\">\n<p class=\"western\" style=\"text-align: justify;\">Its scope of action covers three main areas :<\/p>\n<p style=\"text-align: justify;\"><a href=\"http:\/\/www.if-laos.org\/cours-de-langue\/?lang=en\">The language courses<\/a> : A varied linguistic offer\u00a0: French, Lao and English .<br \/>\nThe IFL welcomes more than 2000 students per year. Classes are mainly held at the Lane Xang site in Vientiane, at the Luang Prabang branch and at the P\u00f4le d&#8217;Activit\u00e9s Francophones in Dong Dok.<\/p>\n<p style=\"text-align: justify;\"><a href=\"http:\/\/www.if-laos.org\/livre-debats-didees\/?lang=en\">The multi media library<\/a> : With a collection of more than 25 000 books, magazines, DVDs, CDs and e-books, the multimedia library of the IFL continues to increase its collections with a thousand more documents each year and offers its visitors and members a dynamic, modern and attractive service, with access to digital tools and contents.<\/p>\n<p style=\"text-align: justify;\"><a href=\"http:\/\/www.if-laos.org\/culture\/?lang=en\">The cultural program and support to Laotian artists <\/a>: Conferences, concerts and plays are regularly programmed. Organisation of events\u00a0: Research Week for Development, Comic Strip festival for the Environment, the World Music Day&#8230;Support to local cultural creations and events\u00a0: Festival for Performing Arts, FMK dance festival, theatrical creation \u00ab\u00a0A Midmonsoon Night&#8217;s Dream\u00a0\u00bb&#8230;<\/p>\n<p class=\"western\"><div class='css-events-list'><table class=\"ifl-evenement-date\" >\r\n    <thead>\r\n        <tr>\r\n\t\t\t<th class=\"event-time\" scope=\"col\"><\/th>\r\n\t\t\t<th class=\"event-description\" scope=\"col\"><\/th>\r\n\t\t<\/tr>\r\n   \t<\/thead>\r\n    <tbody><tr onclick=\"location.href='http:\/\/www.if-laos.org\/en\/events\/cest-lheure-du-conte\/';\" style=\"cursor: pointer;\">\r\n            <td> <img src='http:\/\/www.if-laos.org\/wp-content\/uploads\/2026\/02\/2.png' alt='C\u2019est l&#039;heure du conte !'\/><br\/>\r\n            <font color=\"#006699\" style=\"font-size:14px;\">Venez \u00e9couter des histoires et stimuler le langage, l'imagination, la concentration et la cr\u00e9ativit\u00e9 \u2728 Un vrai moment de d\u00e9tente et d'\u00e9veil \u00e0 partager ! Tous les mercredis | 15:30...<\/font> <br\/><br\/>\r\n                <\/td>\r\n        <\/tr>\r\n\r\n\t\t<tr onclick=\"location.href='http:\/\/www.if-laos.org\/en\/events\/francais-pour-enfant\/';\" style=\"cursor: pointer;\">\r\n            <td> <img src='http:\/\/www.if-laos.org\/wp-content\/uploads\/2025\/12\/French.png' alt='Fran\u00e7ais pour enfant'\/><br\/>\r\n            <font color=\"#006699\" style=\"font-size:14px;\">\u0e9e\u0eb2\u0eaa\u0eb2\u0e9d\u0ea3\u0eb1\u0ec8\u0e87\u0e87\u0ec8\u0eb2\u0e8d\u0edc\u0ec9\u0ead\u0e8d\u0e94\u0ebd\u0ea7 \u0eab\u0ebc\u0eb1\u0e81\u0eaa\u0eb9\u0e94\u0e9e\u0eb2\u0eaa\u0eb2\u0e9d\u0ea3\u0eb1\u0ec8\u0e87\u0eaa\u0ecd\u0eb2\u0ea5\u0eb1\u0e9a\u0e97\u0eb8\u0e81\u0ec0\u0e9e\u0e94\u0e97\u0eb8\u0e81\u0ec4\u0ea7 start soon in May 2026<\/font> <br\/><br\/>\r\n                <\/td>\r\n        <\/tr>\r\n\r\n\t\t<tr onclick=\"location.href='http:\/\/www.if-laos.org\/en\/events\/lao-cours-2\/';\" style=\"cursor: pointer;\">\r\n            <td> <img src='http:\/\/www.if-laos.org\/wp-content\/uploads\/2026\/03\/Smooth-Lao-10122025.png' alt='Lao cours'\/><br\/>\r\n            <font color=\"#006699\" style=\"font-size:14px;\">Connect with locals Start soon in May 2026<\/font> <br\/><br\/>\r\n                <\/td>\r\n        <\/tr>\r\n\r\n\t\t<tr onclick=\"location.href='http:\/\/www.if-laos.org\/en\/events\/nouvelle-session-2\/';\" style=\"cursor: pointer;\">\r\n            <td> <img src='http:\/\/www.if-laos.org\/wp-content\/uploads\/2025\/12\/Nouvelle-session-10122025-1.png' alt='Nouvelle session'\/><br\/>\r\n            <font color=\"#006699\" style=\"font-size:14px;\">\u0ec0\u0e9b\u0eb5\u0e94\u0ec0\u0e97\u0eb5\u0ea1\u0ec3\u0edd\u0ec8! New session start soon in May 2026<\/font> <br\/><br\/>\r\n                <\/td>\r\n        <\/tr>\r\n\r\n\t\t<tr onclick=\"location.href='http:\/\/www.if-laos.org\/en\/events\/exposition-murs\/';\" style=\"cursor: pointer;\">\r\n            <td> <img src='http:\/\/www.if-laos.org\/wp-content\/uploads\/2026\/03\/EXPOSITION-MURS-1212026-1.png' alt='EXPOSITION - MURS'\/><br\/>\r\n            <font color=\"#006699\" style=\"font-size:14px;\">'Walls' : An open-air museum \u267e\ufe0fPermanent Exhibition Free entry &gt; MURS is a mural exhibition bringing together French and Laotian artists. The wall, both support and material, becomes a space...<\/font> <br\/><br\/>\r\n                <\/td>\r\n        <\/tr>\r\n\r\n\t\t<\/tbody><\/table><span class=\"em-pagination\" > <strong><span class=\"page-numbers current\">1<\/span><\/strong> <a class=\"page-numbers\" href=\"\/en\/wp-json\/wp\/v2\/pages\/167\/?pno=2\" title=\"2\">2<\/a>  <a class=\"next page-numbers\" href=\"\/en\/wp-json\/wp\/v2\/pages\/167\/?pno=2\" title=\"2\">&gt;<\/a>  <\/span><\/div><\/p>\n<\/div>\n","protected":false},"excerpt":{"rendered":"<p>One main site in Vientiane and a branch in Luang Prabang Initially created within the premises of the Embassy as a langage service, it was inaugurated on January 14th 1994 in its current premises as a French Language Center by Mr Jacques Chirac, then Mayor of Paris. In January 1995, it became a financially autonomous [&hellip;]<\/p>\n","protected":false},"author":1,"featured_media":0,"parent":0,"menu_order":0,"comment_status":"closed","ping_status":"closed","template":"","meta":[],"_links":{"self":[{"href":"http:\/\/www.if-laos.org\/en\/wp-json\/wp\/v2\/pages\/167\/"}],"collection":[{"href":"http:\/\/www.if-laos.org\/en\/wp-json\/wp\/v2\/pages\/"}],"about":[{"href":"http:\/\/www.if-laos.org\/en\/wp-json\/wp\/v2\/types\/page\/"}],"author":[{"embeddable":true,"href":"http:\/\/www.if-laos.org\/en\/wp-json\/wp\/v2\/users\/1\/"}],"replies":[{"embeddable":true,"href":"http:\/\/www.if-laos.org\/en\/wp-json\/wp\/v2\/comments\/?post=167"}],"version-history":[{"count":8,"href":"http:\/\/www.if-laos.org\/en\/wp-json\/wp\/v2\/pages\/167\/revisions\/"}],"predecessor-version":[{"id":407,"href":"http:\/\/www.if-laos.org\/en\/wp-json\/wp\/v2\/pages\/167\/revisions\/407\/"}],"wp:attachment":[{"href":"http:\/\/www.if-laos.org\/en\/wp-json\/wp\/v2\/media\/?parent=167"}],"curies":[{"name":"wp","href":"https:\/\/api.w.org\/{rel}","templated":true}]}}