{"id":5202,"date":"2020-03-02T16:07:52","date_gmt":"2020-03-02T09:07:52","guid":{"rendered":"http:\/\/www.if-laos.org\/culture-2\/"},"modified":"2020-03-24T17:00:58","modified_gmt":"2020-03-24T10:00:58","slug":"culture-lpg","status":"publish","type":"page","link":"http:\/\/www.if-laos.org\/en\/culture-lpg\/","title":{"rendered":"Luang Prabang : Culture"},"content":{"rendered":"<p><span style=\"color: #085987;\">Activit\u00e9s culturelles<\/span><\/p>\n<p style=\"text-align: justify;\">L\u2019Institut Fran\u00e7ais du Laos a pour mission d\u2019assurerle dialogue culturel et artistique entre le Laos et la France. Dans ce cadre, l\u2019antenne \u00e0 Luang Prabang accueille r\u00e9guli\u00e8rement des expositions de peintures ou de photographies d\u2019artistes locaux. Des \u00e9v\u00e9nements culturels tels que des concerts, des spectacles par des artistes fran\u00e7ais et des conf\u00e9rences sont ponctuellement programm\u00e9s tout au long de l\u2019ann\u00e9e avec des temps forts comme la F\u00eate de la Francophonie ou la F\u00eate de la musique.<\/p>\n<p><span style=\"color: #085987;\">Cin\u00e9ma<\/span><\/p>\n<p style=\"text-align: justify;\">Des films pour enfants sont diffus\u00e9s une fois par mois le mercredi ou le samedi. En saison s\u00e8che, des ap\u00e9ro-cin\u00e9 sont organis\u00e9s en plein air une fois par mois, le vendredi soir.<\/p>\n<p>Entr\u00e9e\u00a0: 10.000LAK<br \/>\nGratuit pour les apprenants de l\u2019IFL<\/p>\n<p><span style=\"color: #085987;\">Livres et magazines<\/span><\/p>\n<p style=\"text-align: justify;\">L\u2019antenne dispose d\u2019un fonds biblioth\u00e9caire d\u2019environ 500 titres destin\u00e9 au grand comme au jeune public. Les livres sont consultables sur place ou peuvent \u00eatre emprunt\u00e9s. Un espace p\u00e9riodiques en fran\u00e7ais, am\u00e9nag\u00e9 \u00e0 l\u2019accueil, est \u00e0 consulter sur place.<\/p>\n<p style=\"text-align: justify;\">A d\u00e9couvrir aussi, l\u2019offre <a href=\"https:\/\/www.culturetheque.com\/\" target=\"_blank\" rel=\"noopener noreferrer\">Cultureth\u00e8que<\/a> la biblioth\u00e8que num\u00e9rique du r\u00e9seau culturel fran\u00e7ais. Accessible \u00e0 tous moments, il vous est possible de vous connecter \u00e0 votre compte Cultureth\u00e8que depuis votre ordinateur, tablette ou t\u00e9l\u00e9phone portable et avoir acc\u00e8s en quelques clics \u00e0 une large s\u00e9lection d\u2019ouvrages, \u00e0 la presse fran\u00e7aise, \u00e0 de la musique, \u00e0 des concerts en lignes, des documentaires, et bien d\u2019autres ressources.<\/p>\n<div class='css-events-list'>No Events<\/div>\n","protected":false},"excerpt":{"rendered":"<p>Activit\u00e9s culturelles L\u2019Institut Fran\u00e7ais du Laos a pour mission d\u2019assurerle dialogue culturel et artistique entre le Laos et la France. Dans ce cadre, l\u2019antenne \u00e0 Luang Prabang accueille r\u00e9guli\u00e8rement des expositions de peintures ou de photographies d\u2019artistes locaux. Des \u00e9v\u00e9nements culturels tels que des concerts, des spectacles par des artistes fran\u00e7ais et des conf\u00e9rences sont [&hellip;]<\/p>\n","protected":false},"author":1,"featured_media":0,"parent":0,"menu_order":0,"comment_status":"closed","ping_status":"closed","template":"","meta":[],"_links":{"self":[{"href":"http:\/\/www.if-laos.org\/en\/wp-json\/wp\/v2\/pages\/5202\/"}],"collection":[{"href":"http:\/\/www.if-laos.org\/en\/wp-json\/wp\/v2\/pages\/"}],"about":[{"href":"http:\/\/www.if-laos.org\/en\/wp-json\/wp\/v2\/types\/page\/"}],"author":[{"embeddable":true,"href":"http:\/\/www.if-laos.org\/en\/wp-json\/wp\/v2\/users\/1\/"}],"replies":[{"embeddable":true,"href":"http:\/\/www.if-laos.org\/en\/wp-json\/wp\/v2\/comments\/?post=5202"}],"version-history":[{"count":6,"href":"http:\/\/www.if-laos.org\/en\/wp-json\/wp\/v2\/pages\/5202\/revisions\/"}],"predecessor-version":[{"id":5596,"href":"http:\/\/www.if-laos.org\/en\/wp-json\/wp\/v2\/pages\/5202\/revisions\/5596\/"}],"wp:attachment":[{"href":"http:\/\/www.if-laos.org\/en\/wp-json\/wp\/v2\/media\/?parent=5202"}],"curies":[{"name":"wp","href":"https:\/\/api.w.org\/{rel}","templated":true}]}}