{"id":168,"date":"2016-09-09T05:54:38","date_gmt":"2016-09-09T03:54:38","guid":{"rendered":"http:\/\/www.if-laos.org\/linstitut-francais-du-laos\/?lang=lo"},"modified":"2016-10-13T12:26:39","modified_gmt":"2016-10-13T05:26:39","slug":"linstitut-francais-du-laos","status":"publish","type":"page","link":"http:\/\/www.if-laos.org\/lo\/linstitut-francais-du-laos\/","title":{"rendered":"\u0eaa\u0eb0\u0e96\u0eb2\u0e9a\u0eb1\u0e99\u0e9d\u0ea3\u0eb1\u0ec8\u0e87 \u0e9b\u0eb0\u0e88\u0ecd\u0eb2\u0ea5\u0eb2\u0ea7"},"content":{"rendered":"<blockquote><p><a href=\"http:\/\/www.if-laos.org\/linstitut-francais-du-laos\/iflaos-batiment-2\/\" rel=\"attachment wp-att-106\"><img loading=\"lazy\" class=\"alignleft size-medium wp-image-106\" src=\"http:\/\/www.if-laos.org\/wp-content\/uploads\/2016\/09\/iflaos-batiment-1-300x140.jpg\" alt=\"iflaos-batiment\" width=\"300\" height=\"140\" srcset=\"http:\/\/www.if-laos.org\/wp-content\/uploads\/2016\/09\/iflaos-batiment-1-300x140.jpg 300w, http:\/\/www.if-laos.org\/wp-content\/uploads\/2016\/09\/iflaos-batiment-1.jpg 619w\" sizes=\"(max-width: 300px) 100vw, 300px\" \/><br \/>\n<\/a><span style=\"color: #085987;\">\u0eaa\u0ecd\u0eb2\u0e99\u0eb1\u0e81\u0e87\u0eb2\u0e99\u0ec3\u0eab\u0e8d\u0ec8 \u0eaa\u0eb0\u0e96\u0eb2\u0e9a\u0eb1\u0e99\u0e9d\u0ea3\u0eb1\u0ec8\u0e87 \u0e95\u0eb1\u0ec9\u0e87\u0ea2\u0eb9\u0ec8 \u0e99\u0eb0\u0e84\u0ead\u0e99\u0eab\u0ebc\u0ea7\u0e87\u0ea7\u0ebd\u0e87\u0e88\u0eb1\u0e99 \u0ec1\u0ea5\u0eb0 \u0eab\u0ec9\u0ead\u0e87\u0e81\u0eb2\u0e99 \u0eaa\u0eb9\u0e99\u0ea7\u0eb1\u0e94\u0e97\u0eb0\u0e99\u0eb0\u0e97\u0ecd\u0eb2 \u0e97\u0eb5\u0ec8 \u0ec1\u0e82\u0ea7\u0e87\u0eab\u0ebc\u0ea7\u0e87\u0e9e\u0eb0\u0e9a\u0eb2\u0e87.<\/span><\/p>\n<p><span style=\"color: #085987;\">\u0eaa\u0ec9\u0eb2\u0e87\u0e95\u0eb1\u0ec9\u0e87 \u0ec2\u0e94\u0e8d\u0e82\u0eb7\u0ec9\u0e99\u0e81\u0eb1\u0e9a \u0eaa\u0eb0\u0e96\u0eb2\u0e99\u0e97\u0eb9\u0e94 \u0ec3\u0e99\u0e99\u0eb2\u0ea1\u0e9e\u0eb0\u0ec1\u0e99\u0e81\u0e9e\u0eb2\u0eaa\u0eb2\u0eaa\u0eb2\u0e94, \u0ec1\u0ea5\u0eb0 \u0ec4\u0e94\u0ec9\u0e96\u0eb7\u0e81\u0e9b\u0eb0\u0e81\u0eb2\u0e94\u0ec0\u0e9b\u0eb1\u0e99 \u0eaa\u0eb9\u0e99\u0e9e\u0eb2\u0eaa\u0eb2\u0e9d\u0ea3\u0eb1\u0ec8\u0e87 \u0ec3\u0e99 \u0ea7\u0eb1\u0e99\u0e97\u0eb5 14 \u0ea1\u0eb1\u0e87\u0e81\u0ead\u0e99 1994, \u0ec2\u0e94\u0e8d \u0e97\u0ec8\u0eb2\u0e99\u0ec0\u0e88\u0ebb\u0ec9\u0eb2\u0e84\u0ead\u0e87 \u0e99\u0eb0\u0e84\u0ead\u0e99\u0eab\u0ebc\u0ea7\u0e87\u0e9b\u0eb2\u0ea3\u0eb5 \u0e97\u0ec8\u0eb2\u0e99 \u0e8a\u0eb1\u0e81\u0ec0\u0e81\u0eb5 \u0e8a\u0eb5\u0ea3\u0eb1\u0e81.\u0ea1\u0eb2\u0eae\u0ead\u0e94 \u0ec0\u0e94\u0eb7\u0ead\u0e99\u0ea1\u0eb1\u0e87\u0e81\u0ead\u0e99 1995, \u0ec4\u0e94\u0ec9\u0e81\u0eb2\u0e8d\u0ea1\u0eb2\u0ec0\u0e9b\u0eb1\u0e99 \u0ead\u0ebb\u0e87\u0e81\u0eb2\u0e99\u0e88\u0eb1\u0e94\u0e95\u0eb1\u0ec9\u0e87\u0e97\u0eb5\u0ec8\u0e81\u0eb8\u0ec9\u0ea1\u0e95\u0ebb\u0e99\u0ec0\u0ead\u0e87\u0e94\u0ec9\u0eb2\u0e99\u0e81\u0eb2\u0e99\u0ec0\u0e87\u0eb4\u0e99 \u0ec3\u0e99\u0e99\u0eb2\u0ea1 &#8220;\u0eaa\u0eb9\u0e99\u0ea7\u0eb1\u0e94\u0e97\u0eb0\u0e99\u0eb0\u0e97\u0ecd\u0eb2 \u0ec1\u0ea5\u0eb0 \u0e81\u0eb2\u0e99\u0eae\u0ec8\u0ea7\u0ea1\u0ea1\u0eb7\u0e94\u0ec9\u0eb2\u0e99\u0e9e\u0eb2\u0eaa\u0eb2\u0eaa\u0eb2\u0e94&#8221;.\u0eab\u0ebc\u0eb1\u0e87\u0e88\u0eb2\u0e81\u0e9b\u0ec8\u0ebd\u0e99 \u0ea1\u0eb2\u0ec0\u0e9b\u0eb1\u0e99 \u0eaa\u0eb0\u0e96\u0eb2\u0e9a\u0eb1\u0e99\u0e9d\u0ea3\u0eb1\u0ec8\u0e87, \u0e81\u0ecd\u0ec8\u0e8d\u0eb1\u0e87\u0eaa\u0eb7\u0e9a\u0e95\u0ecd\u0ec8 \u0ea1\u0eb5\u0e9a\u0ebb\u0e94\u0e9a\u0eb2\u0e94\u0eaa\u0ecd\u0eb2\u0e84\u0eb1\u0e99 \u0ec3\u0e99\u0ea7\u0ebd\u0e81\u0e87\u0eb2\u0e99 \u0e81\u0eb2\u0e99\u0eae\u0ec8\u0ea7\u0ea1\u0ea1\u0eb7\u0e94\u0ec9\u0eb2\u0e99\u0ea7\u0eb1\u0e94\u0e97\u0eb0\u0e99\u0eb0\u0e97\u0ecd\u0eb2 \u0ec1\u0ea5\u0eb0 \u0ea1\u0eb0\u0eab\u0eb2\u0ea7\u0eb4\u0e97\u0eb0\u0e8d\u0eb2\u0ec4\u0ea5 \u0e9d\u0ea3\u0eb1\u0ec8\u0e87 \u0e97\u0eb5\u0ec8 \u0eaa\u0e9b\u0e9b \u0ea5\u0eb2\u0ea7.<\/span><\/p><\/blockquote>\n<p>\u0e81\u0eb2\u0e99\u0ec0\u0e84\u0eb7\u0ec8\u0ead\u0e99\u0ec4\u0eab\u0ea7\u0e81\u0eb4\u0e94\u0e88\u0eb0\u0e81\u0ecd\u0eb2 \u0e82\u0ead\u0e87 \u0eaa\u0eb0\u0e96\u0eb2\u0e9a\u0eb1\u0e99\u0e9d\u0ea3\u0eb1\u0ec8\u0e87 \u0ec1\u0ea1\u0ec8\u0e99 \u0e9b\u0eb4\u0ec8\u0e99\u0ead\u0ec9\u0ead\u0ea1\u0ec3\u0e99 3 \u0e82\u0ebb\u0e87\u0ec0\u0e82\u0e94\u0ea7\u0ebd\u0e81\u0e87\u0eb2\u0e99\u0ec3\u0eab\u0e8d\u0ec8\u00a0:<\/p>\n<p><a href=\"http:\/\/www.if-laos.org\/cours-de-langue\/?lang=lo\">\u0e81\u0eb2\u0e99\u0eaa\u0ead\u0e99\u0e9e\u0eb2\u0eaa\u0eb2<\/a>\u00a0: \u0eab\u0ebc\u0eb1\u0e81\u0eaa\u0eb9\u0e94\u0eaa\u0ead\u0e99\u0e9e\u0eb2\u0eaa\u0eb2\u0e97\u0eb5\u0ec8\u0eab\u0ebc\u0eb2\u0e81\u0eab\u0ebc\u0eb2\u0e8d\u00a0: \u0e9e\u0eb2\u0eaa\u0eb2\u0e9d\u0ea3\u0eb1\u0ec8\u0e87, \u0e9e\u0eb2\u0eaa\u0eb2\u0ea5\u0eb2\u0ea7 \u0ec1\u0ea5\u0eb0 \u0e9e\u0eb2\u0eaa\u0eb2\u0ead\u0eb1\u0e87\u0e81\u0eb4\u0e94.\u0eaa\u0eb0\u0e96\u0eb2\u0e9a\u0eb1\u0e99\u0e9d\u0ea3\u0eb1\u0ec8\u0e87 \u0eaa\u0eb2\u0ea1\u0eb2\u0e94\u0e95\u0ec9\u0ead\u0e99\u0eae\u0eb1\u0e9a \u0e99\u0eb1\u0e81\u0eae\u0ebd\u0e99 \u0ec4\u0e94\u0ec9\u0eab\u0ebc\u0eb2\u0e8d\u0e81\u0ec8\u0ea7\u0eb2 2000 \u0e84\u0ebb\u0e99\u0ec3\u0e99\u0ec1\u0e95\u0ec8\u0ea5\u0eb0\u0e9b\u0eb5. \u0eaa\u0eb0\u0e96\u0eb2\u0e99\u0e97\u0eb5\u0ec8\u0eae\u0ebd\u0e99 \u0e95\u0eb1\u0ec9\u0e87\u0ea2\u0eb9\u0ec8 \u0eaa\u0ecd\u0eb2\u0e99\u0eb1\u0e81\u0e87\u0eb2\u0e99\u0ec3\u0eab\u0e8d\u0ec8 \u0e96\u0eb0\u0edc\u0ebb\u0e99\u0ea5\u0ec9\u0eb2\u0e99\u0e8a\u0ec9\u0eb2\u0e87, \u0e97\u0eb5\u0ec8 \u0eaa\u0eb9\u0e99\u0ea7\u0eb1\u0e94\u0e97\u0eb0\u0e99\u0eb0\u0e97\u0ecd\u0eb2 \u0ea5\u0eb2\u0ea7-\u0e9d\u0ea3\u0eb1\u0ec8\u0e87 \u0ec1\u0e82\u0ea7\u0e87\u0eab\u0ebc\u0ea7\u0e87\u0e9e\u0eb0\u0e9a\u0eb2\u0e87 \u0ec1\u0ea5\u0eb0 \u0e97\u0eb5\u0ec8 \u0eaa\u0eb9\u0e99\u0e81\u0eb4\u0e94\u0e88\u0eb0\u0e81\u0ecd\u0eb2\u0e9d\u0ea3\u0eb1\u0ec8\u0e87\u0ec2\u0e81\u0ec2\u0e9f\u0e99 \u0ea7\u0eb4\u0e97\u0eb0\u0e8d\u0eb2\u0ec0\u0e82\u0e94\u0e94\u0ebb\u0e87\u0ec2\u0e94\u0e81.<\/p>\n<p><a href=\"http:\/\/www.if-laos.org\/livre-debats-didees\/?lang=lo\">\u0eab\u0ec9\u0ead\u0e87\u0eaa\u0eb0\u0edd\u0eb8\u0e94<\/a>\u00a0: \u0ec0\u0e9b\u0eb1\u0e99\u0eaa\u0eb9\u0e99\u0ea5\u0ea7\u0ea1\u0e9b\u0eb6\u0ec9\u0ea1 \u0eab\u0ebc\u0eb2\u0e8d\u0e81\u0ec8\u0ea7\u0eb2 25000 \u0eab\u0ebb\u0ea7, \u0ea7\u0eb2\u0ea5\u0eb0\u0eaa\u0eb2\u0e99, \u0e94\u0eb5\u0ea7\u0eb5\u0e94\u0eb5, \u0e8a\u0eb5\u0e94\u0eb5 \u0ec1\u0ea5\u0eb0 \u0e9b\u0eb6\u0ec9\u0ea1\u0ead\u0ec8\u0eb2\u0e99\u0ec0\u0ead\u0ec0\u0ea5\u0eb1\u0e81\u0ec2\u0e95\u0ea5\u0e99\u0eb4\u0e81, \u0eab\u0ec9\u0ead\u0e87\u0eaa\u0eb0\u0edd\u0eb8\u0e94 \u0eaa\u0eb0\u0e96\u0eb2\u0e9a\u0eb1\u0e99\u0e9d\u0ea3\u0eb1\u0ec8\u0e87 \u0eaa\u0eb7\u0e9a\u0e95\u0ecd\u0ec8 \u0e9b\u0eb1\u0e9a\u0e9b\u0eb8\u0e87\u0ec0\u0e9e\u0eb5\u0ec8\u0ea1\u0e95\u0eb7\u0ec8\u0ea1 \u0e9e\u0eb7\u0ec9\u0e99\u0e96\u0eb2\u0e99\u0e94\u0ec9\u0eb2\u0e99\u0e82\u0ecd\u0ec9\u0ea1\u0eb9\u0e99\u0e82\u0ec8\u0eb2\u0ea7\u0eaa\u0eb2\u0e99 \u0ec3\u0eab\u0ec9\u0ea1\u0eb5\u0e84\u0ea7\u0eb2\u0ea1\u0eaa\u0ebb\u0ea1\u0e9a\u0eb9\u0e99\u0eab\u0ebc\u0eb2\u0e81\u0eab\u0ebc\u0eb2\u0e8d\u0e97\u0eb5\u0ec8\u0eaa\u0eb8\u0e94 \u0ec3\u0e99\u0ec1\u0e95\u0ec8\u0ea5\u0eb0\u0e9b\u0eb5 \u0ec1\u0ea5\u0eb0 \u0e95\u0eb1\u0ec9\u0e87\u0edc\u0ec9\u0eb2 \u0ec3\u0e99\u0e81\u0eb2\u0e99\u0ec3\u0eab\u0ec9\u0e81\u0eb2\u0e99\u0e9a\u0ecd\u0ea5\u0eb4\u0e81\u0eb2\u0e99\u0e97\u0eb5\u0ec8\u0e84\u0ec8\u0ead\u0e87\u0ec1\u0e84\u0ec9\u0ea7\u0ea7\u0ec8\u0ead\u0e87\u0ec4\u0ea7, \u0e97\u0eb1\u0e99\u0eaa\u0eb0\u0ec4\u0edd \u0ec1\u0ea5\u0eb0 \u0edc\u0ec9\u0eb2\u0eaa\u0ebb\u0e99\u0ec3\u0e88 \u0e94\u0ec9\u0ea7\u0e8d\u0e81\u0eb2\u0e99\u0e99\u0ecd\u0eb2\u0ec3\u0e8a\u0ec9\u0ec0\u0e84\u0eb7\u0ec8\u0ead\u0e87\u0ea1\u0eb7 \u0ec1\u0ea5\u0eb0 \u0ec0\u0e99\u0eb7\u0ec9\u0ead\u0ec3\u0e99\u0e97\u0eb5\u0ec8\u0e88\u0eb1\u0e94\u0eaa\u0eb1\u0e99\u0ea2\u0ec8\u0eb2\u0e87\u0ea5\u0ebb\u0e87\u0e95\u0ebb\u0ea7.<\/p>\n<p><a href=\"http:\/\/www.if-laos.org\/culture\/?lang=lo\">\u0ec1\u0e9c\u0e99\u0e81\u0eb2\u0e99\u0e88\u0eb1\u0e94\u0e87\u0eb2\u0e99\u0ea7\u0eb1\u0e94\u0e97\u0eb0\u0e99\u0eb0\u0e97\u0ecd\u0eb2 \u0ec1\u0ea5\u0eb0 \u0e81\u0eb2\u0e99\u0eaa\u0ebb\u0ec8\u0e87\u0ec0\u0eaa\u0eb5\u0ea1\u0eaa\u0eb5\u0ea5\u0eb0\u0e9b\u0eb4\u0e99\u0ea5\u0eb2\u0ea7<\/a>\u00a0: \u0e81\u0ecd\u0eb2\u0e99\u0ebb\u0e94\u0ec1\u0e9c\u0e99\u0e81\u0eb2\u0e99\u0e88\u0eb1\u0e94\u0e87\u0eb2\u0e99 \u0e81\u0ead\u0e87\u0e9b\u0eb0\u0e8a\u0eb8\u0ea1, \u0e81\u0eb2\u0e99\u0eaa\u0eb0\u0ec1\u0e94\u0e87\u0eaa\u0eb5\u0ea5\u0eb0\u0e9b\u0eb0\u0e94\u0ebb\u0e99\u0e95\u0eb5, \u0e81\u0eb2\u0e99\u0eaa\u0eb0\u0ec1\u0e94\u0e87\u0ea5\u0eb0\u0e84\u0ead\u0e99 \u0ec0\u0e9b\u0eb1\u0e99\u0e9b\u0eb0\u0e88\u0ecd\u0eb2.\u0e81\u0eb0\u0e81\u0ebd\u0ea1\u0e88\u0eb1\u0e94\u0e87\u0eb2\u0e99\u0e97\u0eb5\u0ec8\u0ec0\u0e9b\u0eb1\u0e99\u0ec0\u0eab\u0e94\u0e81\u0eb2\u0e99\u0eaa\u0ecd\u0eb2\u0e84\u0eb1\u0e99\u00a0: \u0ea7\u0eb1\u0e99\u0ec1\u0eab\u0ec8\u0e87\u0e81\u0eb2\u0e99\u0e84\u0ebb\u0ec9\u0e99\u0e84\u0ec9\u0ea7\u0eb2\u0ec0\u0e9e\u0eb7\u0ec8\u0ead\u0e81\u0eb2\u0e99\u0e9e\u0eb1\u0e94\u0e97\u0eb0\u0e99\u0eb2, \u0e9a\u0eb8\u0e99\u0ec1\u0e95\u0ec9\u0ea1\u0eae\u0eb9\u0e9a\u0e81\u0eb2\u0e95\u0eb9\u0e99 \u0ec3\u0e99\u0eab\u0ebb\u0ea7\u0e82\u0ecd\u0ec9 \u0eaa\u0eb4\u0ec8\u0e87\u0ec1\u0ea7\u0e94\u0ea5\u0ec9\u0ead\u0ea1, \u0e9a\u0eb8\u0e99\u0e94\u0ebb\u0e99\u0e95\u0eb5 &#8230;<\/p>\n<p>\u0ec3\u0eab\u0ec9\u0e84\u0ea7\u0eb2\u0ea1\u0eae\u0ec8\u0ea7\u0ea1\u0ea1\u0eb7 \u0ec1\u0ea5\u0eb0 \u0eaa\u0ebb\u0ec8\u0e87\u0ec0\u0eaa\u0eb5\u0ea1 \u0ec3\u0e99\u0e81\u0eb2\u0e99\u0eaa\u0ec9\u0eb2\u0e87\u0e9c\u0ebb\u0e99\u0e87\u0eb2\u0e99 \u0ec1\u0ea5\u0eb0 \u0e88\u0eb1\u0e94\u0e87\u0eb2\u0e99\u0e94\u0ec9\u0eb2\u0e99\u0ea7\u0eb1\u0e94\u0e97\u0eb0\u0e99\u0eb0\u0e97\u0ecd\u0eb2 \u0e82\u0ead\u0e87 \u0eaa\u0eb5\u0ea5\u0eb0\u0e9b\u0eb4\u0e99\u0ea5\u0eb2\u0ea7 \u0ec0\u0e8a\u0eb1\u0ec8\u0e99\u00a0: \u0e9a\u0eb8\u0e99\u0e81\u0eb2\u0e99\u0eaa\u0eb0\u0ec1\u0e94\u0e87 (Festival for Performing Arts), \u0e9a\u0eb8\u0e99\u0ea1\u0eb0\u0eab\u0eb2\u0e81\u0ecd\u0eb2\u0e81\u0eb2\u0e99\u0ec0\u0e95\u0eb1\u0ec9\u0e99\u0e99\u0eb2\u0ec6\u0e8a\u0eb2\u0e94 \u0e9f\u0eb1\u0e87\u0ec1\u0ea1\u0ec8\u0e82\u0ead\u0e87 (Festival de danse Fang Mae Khong), \u0e9c\u0ebb\u0e99\u0e87\u0eb2\u0e99\u0e81\u0eb2\u0e99\u0eaa\u0eb0\u0ec1\u0e94\u0e87\u0ea5\u0eb0\u0e84\u0ead\u0e99 \u0ec0\u0ea5\u0eb7\u0ec8\u0ead\u0e87\u00a0: \u00ab\u00a0Le songe d\u2019une nuit de mousson\u00a0\u00bb&#8230;<\/p>\n<p class=\"western\"><div class='css-events-list'><table class=\"ifl-evenement-date\" >\r\n    <thead>\r\n        <tr>\r\n\t\t\t<th class=\"event-time\" scope=\"col\"><\/th>\r\n\t\t\t<th class=\"event-description\" scope=\"col\"><\/th>\r\n\t\t<\/tr>\r\n   \t<\/thead>\r\n    <tbody><tr onclick=\"location.href='http:\/\/www.if-laos.org\/lo\/events\/cest-lheure-du-conte\/';\" style=\"cursor: pointer;\">\r\n            <td> <img src='http:\/\/www.if-laos.org\/wp-content\/uploads\/2026\/02\/2.png' alt='C\u2019est l&#039;heure du conte !'\/><br\/>\r\n            <font color=\"#006699\" style=\"font-size:14px;\">Venez \u00e9couter des histoires et stimuler le langage, l'imagination, la concentration et la cr\u00e9ativit\u00e9 \u2728 Un vrai moment de d\u00e9tente et d'\u00e9veil \u00e0 partager ! Tous les mercredis | 15:30...<\/font> <br\/><br\/>\r\n                <\/td>\r\n        <\/tr>\r\n\r\n\t\t<tr onclick=\"location.href='http:\/\/www.if-laos.org\/lo\/events\/francais-pour-enfant\/';\" style=\"cursor: pointer;\">\r\n            <td> <img src='http:\/\/www.if-laos.org\/wp-content\/uploads\/2025\/12\/French.png' alt='Fran\u00e7ais pour enfant'\/><br\/>\r\n            <font color=\"#006699\" style=\"font-size:14px;\">\u0e9e\u0eb2\u0eaa\u0eb2\u0e9d\u0ea3\u0eb1\u0ec8\u0e87\u0e87\u0ec8\u0eb2\u0e8d\u0edc\u0ec9\u0ead\u0e8d\u0e94\u0ebd\u0ea7 \u0eab\u0ebc\u0eb1\u0e81\u0eaa\u0eb9\u0e94\u0e9e\u0eb2\u0eaa\u0eb2\u0e9d\u0ea3\u0eb1\u0ec8\u0e87\u0eaa\u0ecd\u0eb2\u0ea5\u0eb1\u0e9a\u0e97\u0eb8\u0e81\u0ec0\u0e9e\u0e94\u0e97\u0eb8\u0e81\u0ec4\u0ea7 start soon in May 2026<\/font> <br\/><br\/>\r\n                <\/td>\r\n        <\/tr>\r\n\r\n\t\t<tr onclick=\"location.href='http:\/\/www.if-laos.org\/lo\/events\/lao-cours-2\/';\" style=\"cursor: pointer;\">\r\n            <td> <img src='http:\/\/www.if-laos.org\/wp-content\/uploads\/2026\/03\/Smooth-Lao-10122025.png' alt='Lao cours'\/><br\/>\r\n            <font color=\"#006699\" style=\"font-size:14px;\">Connect with locals Start soon in May 2026<\/font> <br\/><br\/>\r\n                <\/td>\r\n        <\/tr>\r\n\r\n\t\t<tr onclick=\"location.href='http:\/\/www.if-laos.org\/lo\/events\/nouvelle-session-2\/';\" style=\"cursor: pointer;\">\r\n            <td> <img src='http:\/\/www.if-laos.org\/wp-content\/uploads\/2025\/12\/Nouvelle-session-10122025-1.png' alt='Nouvelle session'\/><br\/>\r\n            <font color=\"#006699\" style=\"font-size:14px;\">\u0ec0\u0e9b\u0eb5\u0e94\u0ec0\u0e97\u0eb5\u0ea1\u0ec3\u0edd\u0ec8! New session start soon in May 2026<\/font> <br\/><br\/>\r\n                <\/td>\r\n        <\/tr>\r\n\r\n\t\t<tr onclick=\"location.href='http:\/\/www.if-laos.org\/lo\/events\/exposition-murs\/';\" style=\"cursor: pointer;\">\r\n            <td> <img src='http:\/\/www.if-laos.org\/wp-content\/uploads\/2026\/03\/EXPOSITION-MURS-1212026-1.png' alt='EXPOSITION - MURS'\/><br\/>\r\n            <font color=\"#006699\" style=\"font-size:14px;\">'Murs':An open air museum \u267e\ufe0fPermanent Exhibition | Free entry &gt; MURS is a mural exhibition bringing together French and Laotian artists. The wall, both support and material, becomes a space...<\/font> <br\/><br\/>\r\n                <\/td>\r\n        <\/tr>\r\n\r\n\t\t<\/tbody><\/table><span class=\"em-pagination\" > <strong><span class=\"page-numbers current\">1<\/span><\/strong> <a class=\"page-numbers\" href=\"\/lo\/wp-json\/wp\/v2\/pages\/168?pno=2\" title=\"2\">2<\/a>  <a class=\"next page-numbers\" href=\"\/lo\/wp-json\/wp\/v2\/pages\/168?pno=2\" title=\"2\">&gt;<\/a>  <\/span><\/div><\/p>\n","protected":false},"excerpt":{"rendered":"<p>\u0eaa\u0ecd\u0eb2\u0e99\u0eb1\u0e81\u0e87\u0eb2\u0e99\u0ec3\u0eab\u0e8d\u0ec8 \u0eaa\u0eb0\u0e96\u0eb2\u0e9a\u0eb1\u0e99\u0e9d\u0ea3\u0eb1\u0ec8\u0e87 \u0e95\u0eb1\u0ec9\u0e87\u0ea2\u0eb9\u0ec8 \u0e99\u0eb0\u0e84\u0ead\u0e99\u0eab\u0ebc\u0ea7\u0e87\u0ea7\u0ebd\u0e87\u0e88\u0eb1\u0e99 \u0ec1\u0ea5\u0eb0 \u0eab\u0ec9\u0ead\u0e87\u0e81\u0eb2\u0e99 \u0eaa\u0eb9\u0e99\u0ea7\u0eb1\u0e94\u0e97\u0eb0\u0e99\u0eb0\u0e97\u0ecd\u0eb2 \u0e97\u0eb5\u0ec8 \u0ec1\u0e82\u0ea7\u0e87\u0eab\u0ebc\u0ea7\u0e87\u0e9e\u0eb0\u0e9a\u0eb2\u0e87. \u0eaa\u0ec9\u0eb2\u0e87\u0e95\u0eb1\u0ec9\u0e87 \u0ec2\u0e94\u0e8d\u0e82\u0eb7\u0ec9\u0e99\u0e81\u0eb1\u0e9a \u0eaa\u0eb0\u0e96\u0eb2\u0e99\u0e97\u0eb9\u0e94 \u0ec3\u0e99\u0e99\u0eb2\u0ea1\u0e9e\u0eb0\u0ec1\u0e99\u0e81\u0e9e\u0eb2\u0eaa\u0eb2\u0eaa\u0eb2\u0e94, \u0ec1\u0ea5\u0eb0 \u0ec4\u0e94\u0ec9\u0e96\u0eb7\u0e81\u0e9b\u0eb0\u0e81\u0eb2\u0e94\u0ec0\u0e9b\u0eb1\u0e99 \u0eaa\u0eb9\u0e99\u0e9e\u0eb2\u0eaa\u0eb2\u0e9d\u0ea3\u0eb1\u0ec8\u0e87 \u0ec3\u0e99 \u0ea7\u0eb1\u0e99\u0e97\u0eb5 14 \u0ea1\u0eb1\u0e87\u0e81\u0ead\u0e99 1994, \u0ec2\u0e94\u0e8d \u0e97\u0ec8\u0eb2\u0e99\u0ec0\u0e88\u0ebb\u0ec9\u0eb2\u0e84\u0ead\u0e87 \u0e99\u0eb0\u0e84\u0ead\u0e99\u0eab\u0ebc\u0ea7\u0e87\u0e9b\u0eb2\u0ea3\u0eb5 \u0e97\u0ec8\u0eb2\u0e99 \u0e8a\u0eb1\u0e81\u0ec0\u0e81\u0eb5 \u0e8a\u0eb5\u0ea3\u0eb1\u0e81.\u0ea1\u0eb2\u0eae\u0ead\u0e94 \u0ec0\u0e94\u0eb7\u0ead\u0e99\u0ea1\u0eb1\u0e87\u0e81\u0ead\u0e99 1995, \u0ec4\u0e94\u0ec9\u0e81\u0eb2\u0e8d\u0ea1\u0eb2\u0ec0\u0e9b\u0eb1\u0e99 \u0ead\u0ebb\u0e87\u0e81\u0eb2\u0e99\u0e88\u0eb1\u0e94\u0e95\u0eb1\u0ec9\u0e87\u0e97\u0eb5\u0ec8\u0e81\u0eb8\u0ec9\u0ea1\u0e95\u0ebb\u0e99\u0ec0\u0ead\u0e87\u0e94\u0ec9\u0eb2\u0e99\u0e81\u0eb2\u0e99\u0ec0\u0e87\u0eb4\u0e99 \u0ec3\u0e99\u0e99\u0eb2\u0ea1 &#8220;\u0eaa\u0eb9\u0e99\u0ea7\u0eb1\u0e94\u0e97\u0eb0\u0e99\u0eb0\u0e97\u0ecd\u0eb2 \u0ec1\u0ea5\u0eb0 \u0e81\u0eb2\u0e99\u0eae\u0ec8\u0ea7\u0ea1\u0ea1\u0eb7\u0e94\u0ec9\u0eb2\u0e99\u0e9e\u0eb2\u0eaa\u0eb2\u0eaa\u0eb2\u0e94&#8221;.\u0eab\u0ebc\u0eb1\u0e87\u0e88\u0eb2\u0e81\u0e9b\u0ec8\u0ebd\u0e99 \u0ea1\u0eb2\u0ec0\u0e9b\u0eb1\u0e99 \u0eaa\u0eb0\u0e96\u0eb2\u0e9a\u0eb1\u0e99\u0e9d\u0ea3\u0eb1\u0ec8\u0e87, \u0e81\u0ecd\u0ec8\u0e8d\u0eb1\u0e87\u0eaa\u0eb7\u0e9a\u0e95\u0ecd\u0ec8 \u0ea1\u0eb5\u0e9a\u0ebb\u0e94\u0e9a\u0eb2\u0e94\u0eaa\u0ecd\u0eb2\u0e84\u0eb1\u0e99 \u0ec3\u0e99\u0ea7\u0ebd\u0e81\u0e87\u0eb2\u0e99 \u0e81\u0eb2\u0e99\u0eae\u0ec8\u0ea7\u0ea1\u0ea1\u0eb7\u0e94\u0ec9\u0eb2\u0e99\u0ea7\u0eb1\u0e94\u0e97\u0eb0\u0e99\u0eb0\u0e97\u0ecd\u0eb2 \u0ec1\u0ea5\u0eb0 \u0ea1\u0eb0\u0eab\u0eb2\u0ea7\u0eb4\u0e97\u0eb0\u0e8d\u0eb2\u0ec4\u0ea5 \u0e9d\u0ea3\u0eb1\u0ec8\u0e87 \u0e97\u0eb5\u0ec8 \u0eaa\u0e9b\u0e9b \u0ea5\u0eb2\u0ea7. \u0e81\u0eb2\u0e99\u0ec0\u0e84\u0eb7\u0ec8\u0ead\u0e99\u0ec4\u0eab\u0ea7\u0e81\u0eb4\u0e94\u0e88\u0eb0\u0e81\u0ecd\u0eb2 \u0e82\u0ead\u0e87 \u0eaa\u0eb0\u0e96\u0eb2\u0e9a\u0eb1\u0e99\u0e9d\u0ea3\u0eb1\u0ec8\u0e87 \u0ec1\u0ea1\u0ec8\u0e99 \u0e9b\u0eb4\u0ec8\u0e99\u0ead\u0ec9\u0ead\u0ea1\u0ec3\u0e99 3 \u0e82\u0ebb\u0e87\u0ec0\u0e82\u0e94\u0ea7\u0ebd\u0e81\u0e87\u0eb2\u0e99\u0ec3\u0eab\u0e8d\u0ec8\u00a0: \u0e81\u0eb2\u0e99\u0eaa\u0ead\u0e99\u0e9e\u0eb2\u0eaa\u0eb2\u00a0: [&hellip;]<\/p>\n","protected":false},"author":1,"featured_media":0,"parent":0,"menu_order":0,"comment_status":"closed","ping_status":"closed","template":"","meta":[],"_links":{"self":[{"href":"http:\/\/www.if-laos.org\/lo\/wp-json\/wp\/v2\/pages\/168\/"}],"collection":[{"href":"http:\/\/www.if-laos.org\/lo\/wp-json\/wp\/v2\/pages\/"}],"about":[{"href":"http:\/\/www.if-laos.org\/lo\/wp-json\/wp\/v2\/types\/page\/"}],"author":[{"embeddable":true,"href":"http:\/\/www.if-laos.org\/lo\/wp-json\/wp\/v2\/users\/1\/"}],"replies":[{"embeddable":true,"href":"http:\/\/www.if-laos.org\/lo\/wp-json\/wp\/v2\/comments\/?post=168"}],"version-history":[{"count":11,"href":"http:\/\/www.if-laos.org\/lo\/wp-json\/wp\/v2\/pages\/168\/revisions\/"}],"predecessor-version":[{"id":409,"href":"http:\/\/www.if-laos.org\/lo\/wp-json\/wp\/v2\/pages\/168\/revisions\/409\/"}],"wp:attachment":[{"href":"http:\/\/www.if-laos.org\/lo\/wp-json\/wp\/v2\/media\/?parent=168"}],"curies":[{"name":"wp","href":"https:\/\/api.w.org\/{rel}","templated":true}]}}