{"id":190,"date":"2016-09-08T11:34:26","date_gmt":"2016-09-08T09:34:26","guid":{"rendered":"http:\/\/www.if-laos.org\/culture\/?lang=lo"},"modified":"2017-09-21T15:12:48","modified_gmt":"2017-09-21T08:12:48","slug":"culture","status":"publish","type":"page","link":"http:\/\/www.if-laos.org\/lo\/culture\/","title":{"rendered":"\u0ec0\u0eab\u0e94\u0e81\u0eb2\u0e99\u0e94\u0ec9\u0eb2\u0e99\u0ea7\u0eb1\u0e94\u0e97\u0eb0\u0e99\u0eb0\u0e97\u0eb3"},"content":{"rendered":"<blockquote><p><a href=\"http:\/\/www.if-laos.org\/wp-content\/uploads\/2016\/09\/AxelleRed37.jpg\"><img loading=\"lazy\" class=\"alignleft size-full wp-image-959\" src=\"http:\/\/www.if-laos.org\/wp-content\/uploads\/2016\/09\/AxelleRed37.jpg\" alt=\"\" width=\"500\" height=\"333\" srcset=\"http:\/\/www.if-laos.org\/wp-content\/uploads\/2016\/09\/AxelleRed37.jpg 500w, http:\/\/www.if-laos.org\/wp-content\/uploads\/2016\/09\/AxelleRed37-300x200.jpg 300w, http:\/\/www.if-laos.org\/wp-content\/uploads\/2016\/09\/AxelleRed37-450x300.jpg 450w\" sizes=\"(max-width: 500px) 100vw, 500px\" \/><\/a><span style=\"color: #085987;\">\u0ea7\u0eb1\u0e94\u0e97\u0eb0\u0e99\u0eb0\u0e97\u0eb3\u0ec0\u0e9b\u0eb1\u0e99\u0ea7\u0ebd\u0e81\u0e87\u0eb2\u0e99\u0e99\u0eb6\u0ec8\u0e87\u0e97\u0eb5\u0ec8\u0eaa\u0eb0\u0e96\u0eb2\u0e9a\u0eb1\u0e99\u0e9d\u0ea3\u0eb1\u0ec8\u0e87\u0ec1\u0e99\u0ec8\u0ec0\u0eab\u0eb1\u0e99\u0e84\u0ea7\u0eb2\u0ea1\u0eaa\u0eb3\u0e84\u0eb1\u0e99, \u0ec0\u0e9e\u0eb2\u0eb0\u0e99\u0eb1\u0ec9\u0e99\u0e84\u0eb7\u0ead\u0eb5\u0e81\u0e99\u0eb6\u0ec8\u0e87\u0eae\u0eb9\u0e9a\u0e81\u0eb2\u0e99\u0ec3\u0e99\u0e81\u0eb2\u0e99\u0ec0\u0e9c\u0eb5\u0e8d\u0ec1\u0e9c\u0ec8 \u0ea7\u0eb1\u0e94\u0e97\u0eb0\u0e99\u0eb0\u0e97\u0eb3 \u0e9d\u0ea3\u0eb1\u0ec8\u0e87 \u0ec3\u0eab\u0ec9\u0ea1\u0eb0\u0eab\u0eb2\u0e8a\u0ebb\u0e99\u0ec4\u0e94\u0ec9\u0eae\u0eb1\u0e9a\u0eae\u0eb9\u0ec9, \u0eab\u0ea5\u0eb7 \u0ec0\u0e9b\u0eb1\u0e99\u0e81\u0eb2\u0e99\u0eaa\u0ec9\u0eb2\u0e87\u0ec2\u0ead\u0e81\u0eb2\u0e94 \u0ec3\u0e99\u0e81\u0eb2\u0e99\u0e9b\u0eb0\u0e94\u0eb4\u0e94\u0e84\u0eb4\u0e94\u0eaa\u0ec9\u0eb2\u0e87\u0ec1\u0e9a\u0e9a\u0ea5\u0eb2\u0ea7\u0ec6, \u0eaa\u0eb0\u0e96\u0eb2\u0e9a\u0eb1\u0e99\u0e9d\u0ea3\u0eb1\u0ec8\u0e87 \u0e99\u0eb3\u0eaa\u0eb0\u0ec0\u0eab\u0e99\u0eb5\u0eab\u0ea5\u0eb2\u0e8d\u0eae\u0eb9\u0e9a\u0ec1\u0e9a\u0e9a\u0e81\u0eb2\u0e99\u0eaa\u0eb0\u0ec1\u0e94\u0e87 \u0ec0\u0e8a\u0eb1\u0ec8\u0e99\u00a0: \u0e81\u0eb2\u0e99\u0eaa\u0eb0\u0ec1\u0e94\u0e87 (\u0e81\u0eb2\u0e99\u0ec0\u0e95\u0eb1\u0ec9\u0e99, \u0e94\u0ebb\u0e99\u0e95\u0eb5 \u0ec1\u0ea5\u0eb0 \u0ea5\u0eb0\u0e84\u0ead\u0e99), \u0eaa\u0eb5\u0ea5\u0eb0\u0e9b\u0eb0\u0e94\u0ec9\u0eb2\u0e99\u0eae\u0eb9\u0e9a\u0e9e\u0eb2\u0e9a.<\/span><\/p>\n<p><span lang=\"hi-IN\">\u0eae\u0eb9\u0e9a\u0ec0\u0e87\u0ebb\u0eb2 : <\/span>\u00ab\u00a0\u0eae\u0eb9\u0e9a\u0ec0\u0e87\u0ebb\u0eb2 \u0ea7\u0eb1\u0e99\u0ead\u0eb1\u0e87\u0e84\u0eb2\u0e99\u00a0\u00bb: \u0e97\u0eb8\u0e81\u0ec6\u0ea7\u0eb1\u0e99\u0ead\u0eb1\u0e87\u0e84\u0eb2\u0e99 \u0ec0\u0ea7\u0ea5\u0eb2 18\u0ec2\u0ea1\u0e8730, \u00ab\u00a0\u0eae\u0eb9\u0e9a\u0ec0\u0e87\u0ebb\u0eb2\u0eaa\u0eb3\u0ea5\u0eb1\u0e9a\u0ec0\u0e94\u0eb1\u0e81\u0e99\u0ec9\u0ead\u0e8d\u00a0\u00bb: \u0e97\u0eb8\u0e81\u0ec6\u0ea7\u0eb1\u0e99\u0e9e\u0eb8\u0e94 \u0ec0\u0ea7\u0ea5\u0eb2 15\u0ec2\u0ea1\u0e87 : 10 000 LAK, \u00a0\u0e99\u0eb1\u0e81\u0eae\u0ebd\u0e99 \u0ec1\u0ea5\u0eb0 \u0eaa\u0eb0\u0ea1\u0eb2\u0e8a\u0eb4\u0e81\u0eab\u0ec9\u0ead\u0e87\u0eaa\u0eb0\u0edd\u0eb8\u0e94 \u0e82\u0ead\u0e87 \u0eaa\u0eb0\u0e96\u0eb2\u0e9a\u0eb1\u0e99\u0e9d\u0ea3\u0eb1\u0ec8\u0e87 \u0ec0\u0e82\u0ebb\u0ec9\u0eb2\u0e8a\u0ebb\u0ea1\u0ec2\u0e94\u0e8d\u0e9a\u0ecd\u0ec8\u0ec4\u0e94\u0ec9\u0ec0\u0eaa\u0e8d\u0e84\u0ec8\u0eb2\u0e9c\u0ec8\u0eb2\u0e99\u0e9b\u0eb0\u0e95\u0eb9<\/p><\/blockquote>\n<p><div class=\"em-search-wrapper\">\r\n<div class=\"em-events-search em-search has-search-term has-search-main no-advanced advanced-visible\">\r\n\t<form action=\"\" method=\"post\" class=\"em-events-search-form em-search-form\">\r\n\t\t<input type=\"hidden\" name=\"action\" value=\"search_events\" \/>\r\n\t\t\t\t<div class=\"em-search-main\">\r\n\t\t\t\t\t\t<!-- START General Search -->\r\n<div class=\"em-search-text em-search-field\">\r\n\t<script type=\"text\/javascript\">\r\n\tEM.search_term_placeholder = '\u0ec0\u0e84\u0eb7\u0ec8\u0ead\u0e87\u0ea1\u0eb7\u0e84\u0ebb\u0ec9\u0e99\u0eab\u0eb2';\r\n\t<\/script>\r\n\t<label>\r\n\t\t<span class=\"screen-reader-text\">\u0ec0\u0e84\u0eb7\u0ec8\u0ead\u0e87\u0ea1\u0eb7\u0e84\u0ebb\u0ec9\u0e99\u0eab\u0eb2<\/span>\r\n\t\t<input type=\"text\" name=\"em_search\" class=\"em-events-search-text em-search-text\" value=\"\" \/>\r\n\t<\/label>\r\n<\/div>\r\n<!-- END General Search -->\t\t\t\t\t<\/div>\r\n\t\t\t\t\t\t\t\t\t\t\t\t    <input name=\"near_distance\" type=\"hidden\" value=\"25\" \/>\t\t    <input name=\"near_unit\" type=\"hidden\" value=\"mi\" \/>\t\t\t<\/form>\r\n<\/div>\r\n<\/div><br \/>\n<div class='css-events-list'><table class=\"ifl-evenement-date\" >\r\n    <thead>\r\n        <tr>\r\n\t\t\t<th class=\"event-time\" scope=\"col\"><\/th>\r\n\t\t\t<th class=\"event-description\" scope=\"col\"><\/th>\r\n\t\t<\/tr>\r\n   \t<\/thead>\r\n    <tbody><tr onclick=\"location.href='http:\/\/www.if-laos.org\/lo\/events\/lao-cours-2\/';\" style=\"cursor: pointer;\">\r\n            <td> <img src='http:\/\/www.if-laos.org\/wp-content\/uploads\/2026\/03\/Smooth-Lao-10122025.png' alt='Lao cours'\/><br\/>\r\n            <font color=\"#006699\" style=\"font-size:14px;\">Connect with locals Start soon in May 2026<\/font> <br\/><br\/>\r\n                <\/td>\r\n        <\/tr>\r\n\r\n\t\t<tr onclick=\"location.href='http:\/\/www.if-laos.org\/lo\/events\/exposition-murs\/';\" style=\"cursor: pointer;\">\r\n            <td> <img src='http:\/\/www.if-laos.org\/wp-content\/uploads\/2026\/03\/EXPOSITION-MURS-1212026-1.png' alt='EXPOSITION - MURS'\/><br\/>\r\n            <font color=\"#006699\" style=\"font-size:14px;\">'Murs':An open air museum \u267e\ufe0fPermanent Exhibition | Free entry &gt; MURS is a mural exhibition bringing together French and Laotian artists. The wall, both support and material, becomes a space...<\/font> <br\/><br\/>\r\n                <\/td>\r\n        <\/tr>\r\n\r\n\t\t<tr onclick=\"location.href='http:\/\/www.if-laos.org\/lo\/events\/%e0%ba%87%e0%ba%b2%e0%ba%99%e0%ba%a7%e0%ba%b2%e0%ba%87%e0%ba%aa%e0%ba%b0%e0%bb%81%e0%ba%94%e0%ba%87-exposition-uramado-fortune-teller\/';\" style=\"cursor: pointer;\">\r\n            <td> <img src='http:\/\/www.if-laos.org\/wp-content\/uploads\/2026\/03\/Uramado-Fortune-Teller.png' alt='\u0e87\u0eb2\u0e99\u0ea7\u0eb2\u0e87\u0eaa\u0eb0\u0ec1\u0e94\u0e87 - EXPOSITION  Uramado &amp; Fortune Teller'\/><br\/>\r\n            <font color=\"#006699\" style=\"font-size:14px;\">Exp\u00e9rience art digital I \u0eaa\u0eb4\u0ea5\u0eb0\u0e9b\u0eb0 &amp; \u0e94\u0eb5\u0e88\u0eb5\u0e95\u0ead\u0ea5 I digital art experience L\u2019Institut fran\u00e7ais du Laos pr\u00e9sente deux projets inspir\u00e9s du folklore japonais et chinois, invitant le public dans un univers...<\/font> <br\/><br\/>\r\n                <\/td>\r\n        <\/tr>\r\n\r\n\t\t<\/tbody><\/table><\/div><\/p>\n","protected":false},"excerpt":{"rendered":"<p>\u0ea7\u0eb1\u0e94\u0e97\u0eb0\u0e99\u0eb0\u0e97\u0eb3\u0ec0\u0e9b\u0eb1\u0e99\u0ea7\u0ebd\u0e81\u0e87\u0eb2\u0e99\u0e99\u0eb6\u0ec8\u0e87\u0e97\u0eb5\u0ec8\u0eaa\u0eb0\u0e96\u0eb2\u0e9a\u0eb1\u0e99\u0e9d\u0ea3\u0eb1\u0ec8\u0e87\u0ec1\u0e99\u0ec8\u0ec0\u0eab\u0eb1\u0e99\u0e84\u0ea7\u0eb2\u0ea1\u0eaa\u0eb3\u0e84\u0eb1\u0e99, \u0ec0\u0e9e\u0eb2\u0eb0\u0e99\u0eb1\u0ec9\u0e99\u0e84\u0eb7\u0ead\u0eb5\u0e81\u0e99\u0eb6\u0ec8\u0e87\u0eae\u0eb9\u0e9a\u0e81\u0eb2\u0e99\u0ec3\u0e99\u0e81\u0eb2\u0e99\u0ec0\u0e9c\u0eb5\u0e8d\u0ec1\u0e9c\u0ec8 \u0ea7\u0eb1\u0e94\u0e97\u0eb0\u0e99\u0eb0\u0e97\u0eb3 \u0e9d\u0ea3\u0eb1\u0ec8\u0e87 \u0ec3\u0eab\u0ec9\u0ea1\u0eb0\u0eab\u0eb2\u0e8a\u0ebb\u0e99\u0ec4\u0e94\u0ec9\u0eae\u0eb1\u0e9a\u0eae\u0eb9\u0ec9, \u0eab\u0ea5\u0eb7 \u0ec0\u0e9b\u0eb1\u0e99\u0e81\u0eb2\u0e99\u0eaa\u0ec9\u0eb2\u0e87\u0ec2\u0ead\u0e81\u0eb2\u0e94 \u0ec3\u0e99\u0e81\u0eb2\u0e99\u0e9b\u0eb0\u0e94\u0eb4\u0e94\u0e84\u0eb4\u0e94\u0eaa\u0ec9\u0eb2\u0e87\u0ec1\u0e9a\u0e9a\u0ea5\u0eb2\u0ea7\u0ec6, \u0eaa\u0eb0\u0e96\u0eb2\u0e9a\u0eb1\u0e99\u0e9d\u0ea3\u0eb1\u0ec8\u0e87 \u0e99\u0eb3\u0eaa\u0eb0\u0ec0\u0eab\u0e99\u0eb5\u0eab\u0ea5\u0eb2\u0e8d\u0eae\u0eb9\u0e9a\u0ec1\u0e9a\u0e9a\u0e81\u0eb2\u0e99\u0eaa\u0eb0\u0ec1\u0e94\u0e87 \u0ec0\u0e8a\u0eb1\u0ec8\u0e99\u00a0: \u0e81\u0eb2\u0e99\u0eaa\u0eb0\u0ec1\u0e94\u0e87 (\u0e81\u0eb2\u0e99\u0ec0\u0e95\u0eb1\u0ec9\u0e99, \u0e94\u0ebb\u0e99\u0e95\u0eb5 \u0ec1\u0ea5\u0eb0 \u0ea5\u0eb0\u0e84\u0ead\u0e99), \u0eaa\u0eb5\u0ea5\u0eb0\u0e9b\u0eb0\u0e94\u0ec9\u0eb2\u0e99\u0eae\u0eb9\u0e9a\u0e9e\u0eb2\u0e9a. \u0eae\u0eb9\u0e9a\u0ec0\u0e87\u0ebb\u0eb2 : \u00ab\u00a0\u0eae\u0eb9\u0e9a\u0ec0\u0e87\u0ebb\u0eb2 \u0ea7\u0eb1\u0e99\u0ead\u0eb1\u0e87\u0e84\u0eb2\u0e99\u00a0\u00bb: \u0e97\u0eb8\u0e81\u0ec6\u0ea7\u0eb1\u0e99\u0ead\u0eb1\u0e87\u0e84\u0eb2\u0e99 \u0ec0\u0ea7\u0ea5\u0eb2 18\u0ec2\u0ea1\u0e8730, \u00ab\u00a0\u0eae\u0eb9\u0e9a\u0ec0\u0e87\u0ebb\u0eb2\u0eaa\u0eb3\u0ea5\u0eb1\u0e9a\u0ec0\u0e94\u0eb1\u0e81\u0e99\u0ec9\u0ead\u0e8d\u00a0\u00bb: \u0e97\u0eb8\u0e81\u0ec6\u0ea7\u0eb1\u0e99\u0e9e\u0eb8\u0e94 \u0ec0\u0ea7\u0ea5\u0eb2 15\u0ec2\u0ea1\u0e87 : 10 000 LAK, \u00a0\u0e99\u0eb1\u0e81\u0eae\u0ebd\u0e99 \u0ec1\u0ea5\u0eb0 \u0eaa\u0eb0\u0ea1\u0eb2\u0e8a\u0eb4\u0e81\u0eab\u0ec9\u0ead\u0e87\u0eaa\u0eb0\u0edd\u0eb8\u0e94 \u0e82\u0ead\u0e87 \u0eaa\u0eb0\u0e96\u0eb2\u0e9a\u0eb1\u0e99\u0e9d\u0ea3\u0eb1\u0ec8\u0e87 \u0ec0\u0e82\u0ebb\u0ec9\u0eb2\u0e8a\u0ebb\u0ea1\u0ec2\u0e94\u0e8d\u0e9a\u0ecd\u0ec8\u0ec4\u0e94\u0ec9\u0ec0\u0eaa\u0e8d\u0e84\u0ec8\u0eb2\u0e9c\u0ec8\u0eb2\u0e99\u0e9b\u0eb0\u0e95\u0eb9<\/p>\n","protected":false},"author":1,"featured_media":0,"parent":0,"menu_order":0,"comment_status":"closed","ping_status":"closed","template":"","meta":[],"_links":{"self":[{"href":"http:\/\/www.if-laos.org\/lo\/wp-json\/wp\/v2\/pages\/190\/"}],"collection":[{"href":"http:\/\/www.if-laos.org\/lo\/wp-json\/wp\/v2\/pages\/"}],"about":[{"href":"http:\/\/www.if-laos.org\/lo\/wp-json\/wp\/v2\/types\/page\/"}],"author":[{"embeddable":true,"href":"http:\/\/www.if-laos.org\/lo\/wp-json\/wp\/v2\/users\/1\/"}],"replies":[{"embeddable":true,"href":"http:\/\/www.if-laos.org\/lo\/wp-json\/wp\/v2\/comments\/?post=190"}],"version-history":[{"count":4,"href":"http:\/\/www.if-laos.org\/lo\/wp-json\/wp\/v2\/pages\/190\/revisions\/"}],"predecessor-version":[{"id":963,"href":"http:\/\/www.if-laos.org\/lo\/wp-json\/wp\/v2\/pages\/190\/revisions\/963\/"}],"wp:attachment":[{"href":"http:\/\/www.if-laos.org\/lo\/wp-json\/wp\/v2\/media\/?parent=190"}],"curies":[{"name":"wp","href":"https:\/\/api.w.org\/{rel}","templated":true}]}}