{"id":206,"date":"2016-09-09T05:39:47","date_gmt":"2016-09-09T03:39:47","guid":{"rendered":"http:\/\/www.if-laos.org\/livre-debats-didees\/?lang=lo"},"modified":"2020-01-08T15:48:29","modified_gmt":"2020-01-08T08:48:29","slug":"livre-debats-didees","status":"publish","type":"page","link":"http:\/\/www.if-laos.org\/lo\/livre-debats-didees\/","title":{"rendered":"\u0eab\u0ec9\u0ead\u0e87\u0eaa\u0eb0\u0edd\u0eb8\u0e94"},"content":{"rendered":"<blockquote><p><a href=\"http:\/\/www.if-laos.org\/livre-debats-didees\/mediatheque\/\" rel=\"attachment wp-att-91\"><img loading=\"lazy\" class=\"alignleft size-medium wp-image-91\" src=\"http:\/\/www.if-laos.org\/wp-content\/uploads\/2016\/09\/mediatheque-300x172.jpg\" alt=\"mediatheque\" width=\"300\" height=\"172\" srcset=\"http:\/\/www.if-laos.org\/wp-content\/uploads\/2016\/09\/mediatheque-300x172.jpg 300w, http:\/\/www.if-laos.org\/wp-content\/uploads\/2016\/09\/mediatheque-768x440.jpg 768w, http:\/\/www.if-laos.org\/wp-content\/uploads\/2016\/09\/mediatheque.jpg 1024w, http:\/\/www.if-laos.org\/wp-content\/uploads\/2016\/09\/mediatheque-524x300.jpg 524w\" sizes=\"(max-width: 300px) 100vw, 300px\" \/><\/a><span style=\"color: #085987;\">\u0eab\u0ec9\u0ead\u0e87\u0eaa\u0eb0\u0edd\u0eb8\u0e94 \u0e82\u0ead\u0e87 \u0eaa\u0eb0\u0e96\u0eb2\u0e9a\u0eb1\u0e99\u0e9d\u0ea3\u0eb1\u0ec8\u0e87 \u0ec0\u0e9b\u0eb5\u0e94\u0ec3\u0eab\u0ec9\u0e9a\u0ecd\u0ea5\u0eb4\u0e81\u0eb2\u0e99 \u0eaa\u0ecd\u0eb2\u0ea5\u0eb1\u0e9a \u0ea7\u0eb1\u0e99\u0ead\u0eb1\u0e87\u0e84\u0eb2\u0e99, \u0ea7\u0eb1\u0e99\u0eaa\u0eb8\u0e81 \u0e95\u0eb1\u0ec9\u0e87\u0ec1\u0e95\u0ec8 \u0ec0\u0ea7\u0ea5\u0eb2 9:00 \u0ec0\u0e8a\u0ebb\u0ec9\u0eb2- 5:30 \u0ec1\u0ea5\u0e87 , \u0eaa\u0ecd\u0eb2\u0ea5\u0eb1\u0e9a \u0ea7\u0eb1\u0e99\u0ec0\u0eaa\u0ebb\u0eb2 \u0e95\u0eb1\u0ec9\u0e87\u0ec1\u0e95\u0ec8 \u0ec0\u0ea7\u0ea5\u0eb2 9:00 \u0ec0\u0e8a\u0ebb\u0ec9\u0eb2- 4:00 \u0ec1\u0ea5\u0e87<\/span><\/p><\/blockquote>\n<p><a href=\"http:\/\/www.reservation-livre.if-laos.org\/\" target=\"_blank\" rel=\"noopener noreferrer\">Consulter le fonds, faire des r\u00e9servations<\/a> (Service disponible aux heures d&#8217;ouverture de la m\u00e9diath\u00e8que).<br \/>\n<a href=\"http:\/\/www.culturetheque.com\/\" target=\"_blank\" rel=\"noopener noreferrer\"> Culturetheque &#8211; Votre M\u00e9diath\u00e8que Num\u00e9rique <\/a><\/p>\n<p><div class=\"em-search-wrapper\">\r\n<div class=\"em-events-search em-search has-search-term has-search-main no-advanced advanced-visible\">\r\n\t<form action=\"\" method=\"post\" class=\"em-events-search-form em-search-form\">\r\n\t\t<input type=\"hidden\" name=\"action\" value=\"search_events\" \/>\r\n\t\t\t\t<div class=\"em-search-main\">\r\n\t\t\t\t\t\t<!-- START General Search -->\r\n<div class=\"em-search-text em-search-field\">\r\n\t<script type=\"text\/javascript\">\r\n\tEM.search_term_placeholder = '\u0ec0\u0e84\u0eb7\u0ec8\u0ead\u0e87\u0ea1\u0eb7\u0e84\u0ebb\u0ec9\u0e99\u0eab\u0eb2';\r\n\t<\/script>\r\n\t<label>\r\n\t\t<span class=\"screen-reader-text\">\u0ec0\u0e84\u0eb7\u0ec8\u0ead\u0e87\u0ea1\u0eb7\u0e84\u0ebb\u0ec9\u0e99\u0eab\u0eb2<\/span>\r\n\t\t<input type=\"text\" name=\"em_search\" class=\"em-events-search-text em-search-text\" value=\"\" \/>\r\n\t<\/label>\r\n<\/div>\r\n<!-- END General Search -->\t\t\t\t\t<\/div>\r\n\t\t\t\t\t\t\t\t\t\t\t\t    <input name=\"near_distance\" type=\"hidden\" value=\"25\" \/>\t\t    <input name=\"near_unit\" type=\"hidden\" value=\"mi\" \/>\t\t\t<\/form>\r\n<\/div>\r\n<\/div><br \/>\n<div class='css-events-list'><table class=\"ifl-evenement-date\" >\r\n    <thead>\r\n        <tr>\r\n\t\t\t<th class=\"event-time\" scope=\"col\"><\/th>\r\n\t\t\t<th class=\"event-description\" scope=\"col\"><\/th>\r\n\t\t<\/tr>\r\n   \t<\/thead>\r\n    <tbody><tr onclick=\"location.href='http:\/\/www.if-laos.org\/lo\/events\/cest-lheure-du-conte\/';\" style=\"cursor: pointer;\">\r\n            <td> <img src='http:\/\/www.if-laos.org\/wp-content\/uploads\/2026\/02\/2.png' alt='C\u2019est l&#039;heure du conte !'\/><br\/>\r\n            <font color=\"#006699\" style=\"font-size:14px;\">Venez \u00e9couter des histoires et stimuler le langage, l'imagination, la concentration et la cr\u00e9ativit\u00e9 \u2728 Un vrai moment de d\u00e9tente et d'\u00e9veil \u00e0 partager ! Tous les mercredis | 15:30...<\/font> <br\/><br\/>\r\n                <\/td>\r\n        <\/tr>\r\n\r\n\t\t<tr onclick=\"location.href='http:\/\/www.if-laos.org\/lo\/events\/francais-pour-enfant\/';\" style=\"cursor: pointer;\">\r\n            <td> <img src='http:\/\/www.if-laos.org\/wp-content\/uploads\/2025\/12\/French.png' alt='Fran\u00e7ais pour enfant'\/><br\/>\r\n            <font color=\"#006699\" style=\"font-size:14px;\">\u0e9e\u0eb2\u0eaa\u0eb2\u0e9d\u0ea3\u0eb1\u0ec8\u0e87\u0e87\u0ec8\u0eb2\u0e8d\u0edc\u0ec9\u0ead\u0e8d\u0e94\u0ebd\u0ea7 \u0eab\u0ebc\u0eb1\u0e81\u0eaa\u0eb9\u0e94\u0e9e\u0eb2\u0eaa\u0eb2\u0e9d\u0ea3\u0eb1\u0ec8\u0e87\u0eaa\u0ecd\u0eb2\u0ea5\u0eb1\u0e9a\u0e97\u0eb8\u0e81\u0ec0\u0e9e\u0e94\u0e97\u0eb8\u0e81\u0ec4\u0ea7 start soon in May 2026<\/font> <br\/><br\/>\r\n                <\/td>\r\n        <\/tr>\r\n\r\n\t\t<\/tbody><\/table><\/div><\/p>\n","protected":false},"excerpt":{"rendered":"<p>\u0eab\u0ec9\u0ead\u0e87\u0eaa\u0eb0\u0edd\u0eb8\u0e94 \u0e82\u0ead\u0e87 \u0eaa\u0eb0\u0e96\u0eb2\u0e9a\u0eb1\u0e99\u0e9d\u0ea3\u0eb1\u0ec8\u0e87 \u0ec0\u0e9b\u0eb5\u0e94\u0ec3\u0eab\u0ec9\u0e9a\u0ecd\u0ea5\u0eb4\u0e81\u0eb2\u0e99 \u0eaa\u0ecd\u0eb2\u0ea5\u0eb1\u0e9a \u0ea7\u0eb1\u0e99\u0ead\u0eb1\u0e87\u0e84\u0eb2\u0e99, \u0ea7\u0eb1\u0e99\u0eaa\u0eb8\u0e81 \u0e95\u0eb1\u0ec9\u0e87\u0ec1\u0e95\u0ec8 \u0ec0\u0ea7\u0ea5\u0eb2 9:00 \u0ec0\u0e8a\u0ebb\u0ec9\u0eb2- 5:30 \u0ec1\u0ea5\u0e87 , \u0eaa\u0ecd\u0eb2\u0ea5\u0eb1\u0e9a \u0ea7\u0eb1\u0e99\u0ec0\u0eaa\u0ebb\u0eb2 \u0e95\u0eb1\u0ec9\u0e87\u0ec1\u0e95\u0ec8 \u0ec0\u0ea7\u0ea5\u0eb2 9:00 \u0ec0\u0e8a\u0ebb\u0ec9\u0eb2- 4:00 \u0ec1\u0ea5\u0e87 Consulter le fonds, faire des r\u00e9servations (Service disponible aux heures d&#8217;ouverture de la m\u00e9diath\u00e8que). Culturetheque &#8211; Votre M\u00e9diath\u00e8que Num\u00e9rique<\/p>\n","protected":false},"author":1,"featured_media":0,"parent":0,"menu_order":0,"comment_status":"closed","ping_status":"closed","template":"","meta":[],"_links":{"self":[{"href":"http:\/\/www.if-laos.org\/lo\/wp-json\/wp\/v2\/pages\/206\/"}],"collection":[{"href":"http:\/\/www.if-laos.org\/lo\/wp-json\/wp\/v2\/pages\/"}],"about":[{"href":"http:\/\/www.if-laos.org\/lo\/wp-json\/wp\/v2\/types\/page\/"}],"author":[{"embeddable":true,"href":"http:\/\/www.if-laos.org\/lo\/wp-json\/wp\/v2\/users\/1\/"}],"replies":[{"embeddable":true,"href":"http:\/\/www.if-laos.org\/lo\/wp-json\/wp\/v2\/comments\/?post=206"}],"version-history":[{"count":6,"href":"http:\/\/www.if-laos.org\/lo\/wp-json\/wp\/v2\/pages\/206\/revisions\/"}],"predecessor-version":[{"id":4812,"href":"http:\/\/www.if-laos.org\/lo\/wp-json\/wp\/v2\/pages\/206\/revisions\/4812\/"}],"wp:attachment":[{"href":"http:\/\/www.if-laos.org\/lo\/wp-json\/wp\/v2\/media\/?parent=206"}],"curies":[{"name":"wp","href":"https:\/\/api.w.org\/{rel}","templated":true}]}}