{"id":162,"date":"2016-09-05T06:26:26","date_gmt":"2016-09-05T04:26:26","guid":{"rendered":"http:\/\/www.if-laos.org\/accueil\/?lang=en"},"modified":"2021-04-23T14:56:50","modified_gmt":"2021-04-23T07:56:50","slug":"accueil","status":"publish","type":"page","link":"https:\/\/www.if-laos.org\/en\/","title":{"rendered":""},"content":{"rendered":"<div class=\"ifl-entete\" style=\"height: 25px;\"><\/div>\n<div class=\"em-search-wrapper\">\r\n<div class=\"em-events-search em-search has-search-term has-search-main no-advanced advanced-visible\">\r\n\t<form action=\"\" method=\"post\" class=\"em-events-search-form em-search-form\">\r\n\t\t<input type=\"hidden\" name=\"action\" value=\"search_events\" \/>\r\n\t\t\t\t<div class=\"em-search-main\">\r\n\t\t\t\t\t\t<!-- START General Search -->\r\n<div class=\"em-search-text em-search-field\">\r\n\t<script type=\"text\/javascript\">\r\n\tEM.search_term_placeholder = 'Search an event';\r\n\t<\/script>\r\n\t<label>\r\n\t\t<span class=\"screen-reader-text\">Search an event<\/span>\r\n\t\t<input type=\"text\" name=\"em_search\" class=\"em-events-search-text em-search-text\" value=\"\" \/>\r\n\t<\/label>\r\n<\/div>\r\n<!-- END General Search -->\t\t\t\t\t<\/div>\r\n\t\t\t\t\t\t\t\t\t\t\t\t    <input name=\"near_distance\" type=\"hidden\" value=\"25\" \/>\t\t    <input name=\"near_unit\" type=\"hidden\" value=\"mi\" \/>\t\t\t<\/form>\r\n<\/div>\r\n<\/div>\n<div class=\"ifl-entete\" style=\"height: 25px;\"><\/div>\n<div class='css-events-list'><table class=\"ifl-evenement-date\" >\r\n    <thead>\r\n        <tr>\r\n\t\t\t<th class=\"event-time\" scope=\"col\"><\/th>\r\n\t\t\t<th class=\"event-description\" scope=\"col\"><\/th>\r\n\t\t<\/tr>\r\n   \t<\/thead>\r\n    <tbody><tr onclick=\"location.href='https:\/\/www.if-laos.org\/en\/events\/bonne-annee-lao\/';\" style=\"cursor: pointer;\">\r\n            <td> <img src='https:\/\/www.if-laos.org\/wp-content\/uploads\/2026\/04\/Bonne-annee-lao-.png' alt='Bonne ann\u00e9e lao'\/><br\/>\r\n            <font color=\"#006699\" style=\"font-size:14px;\">\u0ec3\u0e99\u0ec2\u0ead\u0e81\u0eb2\u0e94\u0e9b\u0eb5\u0ec3\u0edd\u0ec8\u0ea5\u0eb2\u0ea7 \u0e97\u0eb5\u0ea1\u0e87\u0eb2\u0e99\u0eaa\u0eb0\u0e96\u0eb2\u0e9a\u0eb1\u0e99\u0e9d\u0ea3\u0eb1\u0ec8\u0e87\u0e82\u0ecd\u0ead\u0ea7\u0e8d\u0e9e\u0ead\u0e99\u0ec3\u0eab\u0ec9\u0e97\u0ec8\u0eb2\u0e99\u0ea1\u0eb5\u0e84\u0ea7\u0eb2\u0ea1\u0eaa\u0eb8\u0e81 \u0ec1\u0ea5\u0eb0 \u0eaa\u0eb8\u0e82\u0eb0\u0e9e\u0eb2\u0e9a\u0ec1\u0e82\u0e87\u0ec1\u0eae\u0e87! L'\u00e9quipe de l'Institut fran\u00e7ais vous souhaite bonheur et sant\u00e9 \u00e0 l'occasion du Nouvel An lao !<\/font> <br\/><br\/>\r\n                <\/td>\r\n        <\/tr>\r\n\r\n\t\t<tr onclick=\"location.href='https:\/\/www.if-laos.org\/en\/events\/%e0%ba%87%e0%ba%b2%e0%ba%99%e0%ba%a7%e0%ba%b2%e0%ba%87%e0%ba%aa%e0%ba%b0%e0%bb%81%e0%ba%94%e0%ba%87-exposition-uramado-fortune-teller\/';\" style=\"cursor: pointer;\">\r\n            <td> <img src='https:\/\/www.if-laos.org\/wp-content\/uploads\/2026\/03\/Uramado-Fortune-Teller.png' alt='\u0e87\u0eb2\u0e99\u0ea7\u0eb2\u0e87\u0eaa\u0eb0\u0ec1\u0e94\u0e87 - EXPOSITION  Uramado &amp; Fortune Teller'\/><br\/>\r\n            <font color=\"#006699\" style=\"font-size:14px;\">Exp\u00e9rience art digital I \u0eaa\u0eb4\u0ea5\u0eb0\u0e9b\u0eb0 &amp; \u0e94\u0eb5\u0e88\u0eb5\u0e95\u0ead\u0ea5 I digital art experience L\u2019Institut fran\u00e7ais du Laos pr\u00e9sente deux projets inspir\u00e9s du folklore japonais et chinois, invitant le public dans un univers...<\/font> <br\/><br\/>\r\n                <\/td>\r\n        <\/tr>\r\n\r\n\t\t<tr onclick=\"location.href='https:\/\/www.if-laos.org\/en\/events\/exposition-murs\/';\" style=\"cursor: pointer;\">\r\n            <td> <img src='https:\/\/www.if-laos.org\/wp-content\/uploads\/2026\/03\/EXPOSITION-MURS-1212026-1.png' alt='EXPOSITION - MURS'\/><br\/>\r\n            <font color=\"#006699\" style=\"font-size:14px;\">'Walls' : An open-air museum \u267e\ufe0fPermanent Exhibition Free entry &gt; MURS is a mural exhibition bringing together French and Laotian artists. The wall, both support and material, becomes a space...<\/font> <br\/><br\/>\r\n                <\/td>\r\n        <\/tr>\r\n\r\n\t\t<tr onclick=\"location.href='https:\/\/www.if-laos.org\/en\/events\/nouvelle-session-2\/';\" style=\"cursor: pointer;\">\r\n            <td> <img src='https:\/\/www.if-laos.org\/wp-content\/uploads\/2025\/12\/Nouvelle-session-10122025-1.png' alt='Nouvelle session'\/><br\/>\r\n            <font color=\"#006699\" style=\"font-size:14px;\">\u0ec0\u0e9b\u0eb5\u0e94\u0ec0\u0e97\u0eb5\u0ea1\u0ec3\u0edd\u0ec8! New session start soon in May 2026<\/font> <br\/><br\/>\r\n                <\/td>\r\n        <\/tr>\r\n\r\n\t\t<tr onclick=\"location.href='https:\/\/www.if-laos.org\/en\/events\/lao-cours-2\/';\" style=\"cursor: pointer;\">\r\n            <td> <img src='https:\/\/www.if-laos.org\/wp-content\/uploads\/2026\/03\/Smooth-Lao-10122025.png' alt='Lao cours'\/><br\/>\r\n            <font color=\"#006699\" style=\"font-size:14px;\">Connect with locals Start soon in May 2026<\/font> <br\/><br\/>\r\n                <\/td>\r\n        <\/tr>\r\n\r\n\t\t<tr onclick=\"location.href='https:\/\/www.if-laos.org\/en\/events\/francais-pour-enfant\/';\" style=\"cursor: pointer;\">\r\n            <td> <img src='https:\/\/www.if-laos.org\/wp-content\/uploads\/2025\/12\/French.png' alt='Fran\u00e7ais pour enfant'\/><br\/>\r\n            <font color=\"#006699\" style=\"font-size:14px;\">\u0e9e\u0eb2\u0eaa\u0eb2\u0e9d\u0ea3\u0eb1\u0ec8\u0e87\u0e87\u0ec8\u0eb2\u0e8d\u0edc\u0ec9\u0ead\u0e8d\u0e94\u0ebd\u0ea7 \u0eab\u0ebc\u0eb1\u0e81\u0eaa\u0eb9\u0e94\u0e9e\u0eb2\u0eaa\u0eb2\u0e9d\u0ea3\u0eb1\u0ec8\u0e87\u0eaa\u0ecd\u0eb2\u0ea5\u0eb1\u0e9a\u0e97\u0eb8\u0e81\u0ec0\u0e9e\u0e94\u0e97\u0eb8\u0e81\u0ec4\u0ea7 start soon in May 2026<\/font> <br\/><br\/>\r\n                <\/td>\r\n        <\/tr>\r\n\r\n\t\t<\/tbody><\/table><span class=\"em-pagination\" > <strong><span class=\"page-numbers current\">1<\/span><\/strong> <a class=\"page-numbers\" href=\"\/en\/wp-json\/wp\/v2\/pages\/162?pno=2\" title=\"2\">2<\/a>  <a class=\"next page-numbers\" href=\"\/en\/wp-json\/wp\/v2\/pages\/162?pno=2\" title=\"2\">&gt;<\/a>  <\/span><\/div>\n","protected":false},"excerpt":{"rendered":"","protected":false},"author":1,"featured_media":0,"parent":0,"menu_order":0,"comment_status":"closed","ping_status":"open","template":"","meta":[],"_links":{"self":[{"href":"https:\/\/www.if-laos.org\/en\/wp-json\/wp\/v2\/pages\/162\/"}],"collection":[{"href":"https:\/\/www.if-laos.org\/en\/wp-json\/wp\/v2\/pages\/"}],"about":[{"href":"https:\/\/www.if-laos.org\/en\/wp-json\/wp\/v2\/types\/page\/"}],"author":[{"embeddable":true,"href":"https:\/\/www.if-laos.org\/en\/wp-json\/wp\/v2\/users\/1\/"}],"replies":[{"embeddable":true,"href":"https:\/\/www.if-laos.org\/en\/wp-json\/wp\/v2\/comments\/?post=162"}],"version-history":[{"count":15,"href":"https:\/\/www.if-laos.org\/en\/wp-json\/wp\/v2\/pages\/162\/revisions\/"}],"predecessor-version":[{"id":7331,"href":"https:\/\/www.if-laos.org\/en\/wp-json\/wp\/v2\/pages\/162\/revisions\/7331\/"}],"wp:attachment":[{"href":"https:\/\/www.if-laos.org\/en\/wp-json\/wp\/v2\/media\/?parent=162"}],"curies":[{"name":"wp","href":"https:\/\/api.w.org\/{rel}","templated":true}]}}