{"id":177,"date":"2016-09-08T11:28:58","date_gmt":"2016-09-08T09:28:58","guid":{"rendered":"http:\/\/www.if-laos.org\/cours-de-langue\/?lang=en"},"modified":"2021-06-28T13:30:53","modified_gmt":"2021-06-28T06:30:53","slug":"cours-de-langue","status":"publish","type":"page","link":"https:\/\/www.if-laos.org\/en\/cours-de-langue\/","title":{"rendered":"Language Courses"},"content":{"rendered":"<blockquote>\n<p class=\"western\"><span style=\"color: #085987;\"><a href=\"http:\/\/www.if-laos.org\/wp-content\/uploads\/2021\/06\/Institut-France_JPEG2-37-scaled.jpg\" rel=\"attachment wp-att-112\"><img loading=\"lazy\" class=\"wp-image-7604  alignleft\" src=\"http:\/\/www.if-laos.org\/wp-content\/uploads\/2021\/06\/Institut-France_JPEG2-37-1024x683.jpg\" alt=\"\" width=\"309\" height=\"206\" srcset=\"https:\/\/www.if-laos.org\/wp-content\/uploads\/2021\/06\/Institut-France_JPEG2-37-1024x683.jpg 1024w, https:\/\/www.if-laos.org\/wp-content\/uploads\/2021\/06\/Institut-France_JPEG2-37-300x200.jpg 300w, https:\/\/www.if-laos.org\/wp-content\/uploads\/2021\/06\/Institut-France_JPEG2-37-768x513.jpg 768w, https:\/\/www.if-laos.org\/wp-content\/uploads\/2021\/06\/Institut-France_JPEG2-37-1536x1025.jpg 1536w, https:\/\/www.if-laos.org\/wp-content\/uploads\/2021\/06\/Institut-France_JPEG2-37-2048x1367.jpg 2048w, https:\/\/www.if-laos.org\/wp-content\/uploads\/2021\/06\/Institut-France_JPEG2-37-450x300.jpg 450w, https:\/\/www.if-laos.org\/wp-content\/uploads\/2021\/06\/Institut-France_JPEG2-37-1320x881.jpg 1320w\" sizes=\"(max-width: 309px) 100vw, 309px\" \/><\/a>Are you interested in learning French? Join the Institut fran\u00e7ais ! Since 1994, the Institut fran\u00e7ais is the reference center in the field of French teaching in Laos.<\/span><\/p>\n<\/blockquote>\n<p>&nbsp;<\/p>\n<ul>\n<li>A comprehensive and varied range of courses of French as a foreign language<\/li>\n<li>Quality teaching within an official institution<\/li>\n<li>All French diplomas available in the only authorized centre in Laos, by France Education International<\/li>\n<li>An efficient educational team addressing the needs of the learners.<\/li>\n<\/ul>\n<p style=\"text-align: justify;\"><span style=\"color: #085987;\"><strong>Our Course Offerings<\/strong><\/span><\/p>\n<p style=\"text-align: justify;\">Whether you\u2019re a beginner or an advanced student, you\u2019ll find the course that corresponds to your needs and availability. Our programs are tailored to the needs of children and adults, as well as university students and professionals. We also provide <strong>Lao<\/strong> &amp; <strong>English<\/strong> courses.<\/p>\n<p style=\"text-align: justify;\"><a href=\"http:\/\/if-laos.org\/img-laos\/Brochure-cours-IFLaos.pdf\" target=\"_blank\" rel=\"noopener noreferrer\">Download our &#8220;Language Courses&#8221; Brochure<\/a><\/p>\n<p>&nbsp;<\/p>\n<p>&nbsp;<\/p>\n<p><div class=\"em-search-wrapper\">\r\n<div class=\"em-events-search em-search has-search-term has-search-main no-advanced advanced-visible\">\r\n\t<form action=\"\" method=\"post\" class=\"em-events-search-form em-search-form\">\r\n\t\t<input type=\"hidden\" name=\"action\" value=\"search_events\" \/>\r\n\t\t\t\t<div class=\"em-search-main\">\r\n\t\t\t\t\t\t<!-- START General Search -->\r\n<div class=\"em-search-text em-search-field\">\r\n\t<script type=\"text\/javascript\">\r\n\tEM.search_term_placeholder = 'Search an event';\r\n\t<\/script>\r\n\t<label>\r\n\t\t<span class=\"screen-reader-text\">Search an event<\/span>\r\n\t\t<input type=\"text\" name=\"em_search\" class=\"em-events-search-text em-search-text\" value=\"\" \/>\r\n\t<\/label>\r\n<\/div>\r\n<!-- END General Search -->\t\t\t\t\t<\/div>\r\n\t\t\t\t\t\t\t\t\t\t\t\t    <input name=\"near_distance\" type=\"hidden\" value=\"25\" \/>\t\t    <input name=\"near_unit\" type=\"hidden\" value=\"mi\" \/>\t\t\t<\/form>\r\n<\/div>\r\n<\/div><br \/>\n<div class='css-events-list'><table class=\"ifl-evenement-date\" >\r\n    <thead>\r\n        <tr>\r\n\t\t\t<th class=\"event-time\" scope=\"col\"><\/th>\r\n\t\t\t<th class=\"event-description\" scope=\"col\"><\/th>\r\n\t\t<\/tr>\r\n   \t<\/thead>\r\n    <tbody><tr onclick=\"location.href='https:\/\/www.if-laos.org\/en\/events\/cest-lheure-du-conte\/';\" style=\"cursor: pointer;\">\r\n            <td> <img src='https:\/\/www.if-laos.org\/wp-content\/uploads\/2026\/02\/2.png' alt='C\u2019est l&#039;heure du conte !'\/><br\/>\r\n            <font color=\"#006699\" style=\"font-size:14px;\">Venez \u00e9couter des histoires et stimuler le langage, l'imagination, la concentration et la cr\u00e9ativit\u00e9 \u2728 Un vrai moment de d\u00e9tente et d'\u00e9veil \u00e0 partager ! Tous les mercredis | 15:30...<\/font> <br\/><br\/>\r\n                <\/td>\r\n        <\/tr>\r\n\r\n\t\t<tr onclick=\"location.href='https:\/\/www.if-laos.org\/en\/events\/francais-pour-enfant\/';\" style=\"cursor: pointer;\">\r\n            <td> <img src='https:\/\/www.if-laos.org\/wp-content\/uploads\/2025\/12\/French.png' alt='Fran\u00e7ais pour enfant'\/><br\/>\r\n            <font color=\"#006699\" style=\"font-size:14px;\">\u0e9e\u0eb2\u0eaa\u0eb2\u0e9d\u0ea3\u0eb1\u0ec8\u0e87\u0e87\u0ec8\u0eb2\u0e8d\u0edc\u0ec9\u0ead\u0e8d\u0e94\u0ebd\u0ea7 \u0eab\u0ebc\u0eb1\u0e81\u0eaa\u0eb9\u0e94\u0e9e\u0eb2\u0eaa\u0eb2\u0e9d\u0ea3\u0eb1\u0ec8\u0e87\u0eaa\u0ecd\u0eb2\u0ea5\u0eb1\u0e9a\u0e97\u0eb8\u0e81\u0ec0\u0e9e\u0e94\u0e97\u0eb8\u0e81\u0ec4\u0ea7 start soon in May 2026<\/font> <br\/><br\/>\r\n                <\/td>\r\n        <\/tr>\r\n\r\n\t\t<tr onclick=\"location.href='https:\/\/www.if-laos.org\/en\/events\/lao-cours-2\/';\" style=\"cursor: pointer;\">\r\n            <td> <img src='https:\/\/www.if-laos.org\/wp-content\/uploads\/2026\/03\/Smooth-Lao-10122025.png' alt='Lao cours'\/><br\/>\r\n            <font color=\"#006699\" style=\"font-size:14px;\">Connect with locals Start soon in May 2026<\/font> <br\/><br\/>\r\n                <\/td>\r\n        <\/tr>\r\n\r\n\t\t<tr onclick=\"location.href='https:\/\/www.if-laos.org\/en\/events\/nouvelle-session-2\/';\" style=\"cursor: pointer;\">\r\n            <td> <img src='https:\/\/www.if-laos.org\/wp-content\/uploads\/2025\/12\/Nouvelle-session-10122025-1.png' alt='Nouvelle session'\/><br\/>\r\n            <font color=\"#006699\" style=\"font-size:14px;\">\u0ec0\u0e9b\u0eb5\u0e94\u0ec0\u0e97\u0eb5\u0ea1\u0ec3\u0edd\u0ec8! New session start soon in May 2026<\/font> <br\/><br\/>\r\n                <\/td>\r\n        <\/tr>\r\n\r\n\t\t<\/tbody><\/table><\/div><\/p>\n","protected":false},"excerpt":{"rendered":"<p>Are you interested in learning French? Join the Institut fran\u00e7ais ! Since 1994, the Institut fran\u00e7ais is the reference center in the field of French teaching in Laos. &nbsp; A comprehensive and varied range of courses of French as a foreign language Quality teaching within an official institution All French diplomas available in the only [&hellip;]<\/p>\n","protected":false},"author":1,"featured_media":0,"parent":0,"menu_order":0,"comment_status":"closed","ping_status":"closed","template":"","meta":[],"_links":{"self":[{"href":"https:\/\/www.if-laos.org\/en\/wp-json\/wp\/v2\/pages\/177\/"}],"collection":[{"href":"https:\/\/www.if-laos.org\/en\/wp-json\/wp\/v2\/pages\/"}],"about":[{"href":"https:\/\/www.if-laos.org\/en\/wp-json\/wp\/v2\/types\/page\/"}],"author":[{"embeddable":true,"href":"https:\/\/www.if-laos.org\/en\/wp-json\/wp\/v2\/users\/1\/"}],"replies":[{"embeddable":true,"href":"https:\/\/www.if-laos.org\/en\/wp-json\/wp\/v2\/comments\/?post=177"}],"version-history":[{"count":9,"href":"https:\/\/www.if-laos.org\/en\/wp-json\/wp\/v2\/pages\/177\/revisions\/"}],"predecessor-version":[{"id":7607,"href":"https:\/\/www.if-laos.org\/en\/wp-json\/wp\/v2\/pages\/177\/revisions\/7607\/"}],"wp:attachment":[{"href":"https:\/\/www.if-laos.org\/en\/wp-json\/wp\/v2\/media\/?parent=177"}],"curies":[{"name":"wp","href":"https:\/\/api.w.org\/{rel}","templated":true}]}}