{"id":178,"date":"2016-09-08T11:28:58","date_gmt":"2016-09-08T09:28:58","guid":{"rendered":"http:\/\/www.if-laos.org\/cours-de-langue\/?lang=lo"},"modified":"2020-03-03T16:32:00","modified_gmt":"2020-03-03T09:32:00","slug":"cours-de-langue","status":"publish","type":"page","link":"https:\/\/www.if-laos.org\/lo\/cours-de-langue\/","title":{"rendered":"\u0eae\u0ebd\u0e99\u0e9e\u0eb2\u0eaa\u0eb2"},"content":{"rendered":"<blockquote>\n<p class=\"western\"><span style=\"color: #085987;\"><a href=\"http:\/\/www.if-laos.org\/cours-de-langue\/delf\/\" rel=\"attachment wp-att-112\"><img loading=\"lazy\" class=\"alignleft size-medium wp-image-112\" src=\"http:\/\/www.if-laos.org\/wp-content\/uploads\/2016\/09\/delf-300x155.jpg\" alt=\"delf\" width=\"300\" height=\"155\" srcset=\"https:\/\/www.if-laos.org\/wp-content\/uploads\/2016\/09\/delf-300x155.jpg 300w, https:\/\/www.if-laos.org\/wp-content\/uploads\/2016\/09\/delf.jpg 493w\" sizes=\"(max-width: 300px) 100vw, 300px\" \/><\/a>\u0ea2\u0eb2\u0e81\u0eae\u0ebd\u0e99 \u0e9e\u0eb2\u0eaa\u0eb2\u0e9d\u0ea3\u0eb1\u0ec8\u0e87 \u0e9a\u0ecd\u0ec8\u00a0? \u0eaa\u0ead\u0e9a\u0e96\u0eb2\u0ea1\u0e82\u0ecd\u0ec9\u0ea1\u0eb9\u0e99 \u0ec4\u0e94\u0ec9\u0e97\u0eb5\u0ec8 \u0eaa\u0eb0\u0e96\u0eb2\u0e9a\u0eb1\u0e99\u0e9d\u0ea3\u0eb1\u0ec8\u0e87\u00a0!<br \/>\n\u0e95\u0eb1\u0ec9\u0e87\u0ec1\u0e95\u0ec8 \u0e9b\u0eb5 1994, \u0eaa\u0eb0\u0e96\u0eb2\u0e9a\u0eb1\u0e99\u0e9d\u0ea3\u0eb1\u0ec8\u0e87 \u0ec0\u0e9b\u0eb1\u0e99 \u0eaa\u0eb9\u0e99\u0e81\u0eb2\u0e87\u0e81\u0eb2\u0e99\u0eaa\u0ead\u0e99 \u0e9e\u0eb2\u0eaa\u0eb2\u0e9d\u0ea3\u0eb1\u0ec8\u0e87 \u0ec3\u0e99 \u0eaa\u0e9b\u0e9b \u0ea5\u0eb2\u0ea7.<\/span><\/p>\n<p class=\"western\">\n<\/blockquote>\n<ul>\n<li>\u0eae\u0eb9\u0e9a\u0ec1\u0e9a\u0e9a\u0e81\u0eb2\u0e99\u0eaa\u0eb4\u0e94\u0eaa\u0ead\u0e99\u0e9e\u0eb2\u0eaa\u0eb2 \u0e97\u0eb5\u0ec8 \u0eab\u0ebc\u0eb2\u0e81\u0eab\u0ebc\u0eb2\u0e8d<\/li>\n<li>\u0eab\u0ebc\u0eb1\u0e81\u0eaa\u0eb9\u0e94\u0e84\u0eb8\u0e99\u0eb0\u0e9e\u0eb2\u0e9a \u0ec3\u0e99 \u0eaa\u0eb0\u0e96\u0eb2\u0e9a\u0eb1\u0e99 \u0e97\u0eb2\u0e87\u0e81\u0eb2\u0e99<\/li>\n<li>\u0eaa\u0eb9\u0e99\u0eaa\u0ead\u0e9a\u0ec0\u0eaa\u0eb1\u0e87 \u0e9e\u0eb2\u0eaa\u0eb2\u0e9d\u0ea3\u0eb1\u0ec8\u0e87 \u0ec1\u0eab\u0ec8\u0e87\u0e94\u0ebd\u0ea7 \u0e97\u0eb5\u0ec8\u0ec4\u0e94\u0ec9\u0eae\u0eb1\u0e9a\u0ead\u0eb0\u0e99\u0eb8\u0e8d\u0eb2\u0e94 \u0e88\u0eb2\u0e81 \u0e9b\u0eb0\u0ec0\u0e97\u0e94\u0e9d\u0ea3\u0eb1\u0ec8\u0e87<\/li>\n<li>\u0e97\u0eb5\u0ea1\u0e87\u0eb2\u0e99\u0e9c\u0eb9\u0ec8\u0eaa\u0eb4\u0e94\u0eaa\u0ead\u0e99 \u0e97\u0eb5\u0ec8\u0ea1\u0eb5\u0e9b\u0eb0\u0eaa\u0ebb\u0e9a\u0e81\u0eb2\u0e99<\/li>\n<\/ul>\n<p style=\"text-align: justify;\"><span style=\"text-decoration: underline;\"><span style=\"color: #085987;\"><strong>\u0e81\u0eb2\u0e99\u0eaa\u0eb0\u0ec0\u0edc\u0eb5\u0eab\u0ebc\u0eb1\u0e81\u0eaa\u0eb9\u0e94\u0e81\u0eb2\u0e99\u0eae\u0ebd\u0e99\u0e9e\u0eb2\u0eaa\u0eb2<\/strong><\/span><\/span><\/p>\n<p style=\"text-align: justify;\">\u0ec0\u0e96\u0eb4\u0e87\u0e88\u0eb0\u0ea1\u0eb5 \u0ea5\u0eb0\u0e94\u0eb1\u0e9a\u0e9e\u0eb2\u0eaa\u0eb2\u0ec3\u0e99\u0e82\u0eb1\u0ec9\u0e99\u0ec0\u0ea5\u0eb5\u0ec8\u0ea1\u0e95\u0ebb\u0ec9\u0e99 \u0eab\u0ebc\u0eb7 \u0ec3\u0e99\u0e82\u0eb1\u0ec9\u0e99\u0e94\u0eb5\u0ec1\u0ea5\u0ec9\u0ea7 \u0e81\u0ecd\u0ec8\u0e95\u0eb2\u0ea1, \u0e97\u0eb2\u0e87 \u0eaa\u0eb0\u0e96\u0eb2\u0e9a\u0eb1\u0e99\u0e9d\u0ea3\u0eb1\u0ec8\u0e87 \u0ea1\u0eb5 \u0eab\u0ebc\u0eb1\u0e81\u0eaa\u0eb9\u0e94\u0eae\u0ebd\u0e99\u0e97\u0eb5\u0ec8\u0eaa\u0eb2\u0ea1\u0eb2\u0e94\u0e9b\u0eb1\u0e9a\u0ec4\u0e94\u0ec9 \u0e95\u0eb2\u0ea1\u0e84\u0ea7\u0eb2\u0ea1\u0e95\u0ec9\u0ead\u0e87\u0e81\u0eb2\u0e99 \u0ec1\u0ea5\u0eb0 \u0e84\u0ea7\u0eb2\u0ea1\u0eaa\u0eb0\u0e94\u0ea7\u0e81\u0e82\u0ead\u0e87\u0e9c\u0eb9\u0ec8\u0eae\u0ebd\u0e99. \u0ec0\u0e9b\u0eb1\u0e99\u0eab\u0ebc\u0eb1\u0e81\u0eaa\u0eb9\u0e94 \u0e97\u0eb5\u0ec8 \u0ec0\u0edd\u0eb2\u0eb0\u0eaa\u0ebb\u0ea1 \u0eaa\u0eb3\u0ea5\u0eb1\u0e9a \u0e97\u0eb1\u0e87 \u0ec0\u0e94\u0eb1\u0e81\u0e99\u0ec9\u0ead\u0e8d \u0eab\u0ebc\u0eb7 \u0e9c\u0eb9\u0ec8\u0ec3\u0eab\u0e8d\u0ec8, \u0e99\u0eb1\u0e81\u0eaa\u0eb6\u0e81\u0eaa\u0eb2 \u0eab\u0ebc\u0eb7 \u0e9c\u0eb9\u0ec8\u0e97\u0eb5\u0ec8\u0ec0\u0eae\u0eb1\u0e94\u0ea7\u0ebd\u0e81\u0ec1\u0ea5\u0ec9\u0ea7. \u0e99\u0ead\u0e81\u0e99\u0eb1\u0ec9\u0e99, \u0e81\u0ecd\u0ec8\u0e8d\u0eb1\u0e87\u0ea1\u0eb5 <strong>\u0e81\u0eb2\u0e99\u0eaa\u0ead\u0e99\u0e9e\u0eb2\u0eaa\u0eb2\u0ea5\u0eb2\u0ea7<\/strong> \u0ec1\u0ea5\u0eb0 <strong>\u0e81\u0eb2\u0e99\u0eaa\u0ead\u0e99\u0e9e\u0eb2\u0eaa\u0eb2\u0ead\u0eb1\u0e87\u0e81\u0eb4\u0e94<\/strong> \u0ec3\u0eab\u0ec9\u0e81\u0eb1\u0e9a \u0e84\u0ebb\u0e99\u0e95\u0ec8\u0eb2\u0e87\u0e9b\u0eb0\u0ec0\u0e97\u0e94\u0ec0\u0e8a\u0eb1\u0ec8\u0e99\u0e94\u0ebd\u0ea7\u0e81\u0eb1\u0e99 <a href=\"http:\/\/if-laos.org\/img-laos\/Brochure-cours-IFLaos.pdf\" target=\"_blank\" rel=\"noopener noreferrer\">\u0e9b\u0eb7\u0ec9\u0ea1\u0e99\u0ec9\u0ead\u0ea2 \u0eae\u0ebd\u0e99\u0e9e\u0eb2\u0eaa\u0eb2<\/a><\/p>\n<p>&nbsp;<\/p>\n<p>&nbsp;<\/p>\n<p><div class=\"em-search-wrapper\">\r\n<div class=\"em-events-search em-search has-search-term has-search-main no-advanced advanced-visible\">\r\n\t<form action=\"\" method=\"post\" class=\"em-events-search-form em-search-form\">\r\n\t\t<input type=\"hidden\" name=\"action\" value=\"search_events\" \/>\r\n\t\t\t\t<div class=\"em-search-main\">\r\n\t\t\t\t\t\t<!-- START General Search -->\r\n<div class=\"em-search-text em-search-field\">\r\n\t<script type=\"text\/javascript\">\r\n\tEM.search_term_placeholder = '\u0ec0\u0e84\u0eb7\u0ec8\u0ead\u0e87\u0ea1\u0eb7\u0e84\u0ebb\u0ec9\u0e99\u0eab\u0eb2';\r\n\t<\/script>\r\n\t<label>\r\n\t\t<span class=\"screen-reader-text\">\u0ec0\u0e84\u0eb7\u0ec8\u0ead\u0e87\u0ea1\u0eb7\u0e84\u0ebb\u0ec9\u0e99\u0eab\u0eb2<\/span>\r\n\t\t<input type=\"text\" name=\"em_search\" class=\"em-events-search-text em-search-text\" value=\"\" \/>\r\n\t<\/label>\r\n<\/div>\r\n<!-- END General Search -->\t\t\t\t\t<\/div>\r\n\t\t\t\t\t\t\t\t\t\t\t\t    <input name=\"near_distance\" type=\"hidden\" value=\"25\" \/>\t\t    <input name=\"near_unit\" type=\"hidden\" value=\"mi\" \/>\t\t\t<\/form>\r\n<\/div>\r\n<\/div><br \/>\n<div class='css-events-list'><table class=\"ifl-evenement-date\" >\r\n    <thead>\r\n        <tr>\r\n\t\t\t<th class=\"event-time\" scope=\"col\"><\/th>\r\n\t\t\t<th class=\"event-description\" scope=\"col\"><\/th>\r\n\t\t<\/tr>\r\n   \t<\/thead>\r\n    <tbody><tr onclick=\"location.href='https:\/\/www.if-laos.org\/lo\/events\/cest-lheure-du-conte\/';\" style=\"cursor: pointer;\">\r\n            <td> <img src='https:\/\/www.if-laos.org\/wp-content\/uploads\/2026\/02\/2.png' alt='C\u2019est l&#039;heure du conte !'\/><br\/>\r\n            <font color=\"#006699\" style=\"font-size:14px;\">Venez \u00e9couter des histoires et stimuler le langage, l'imagination, la concentration et la cr\u00e9ativit\u00e9 \u2728 Un vrai moment de d\u00e9tente et d'\u00e9veil \u00e0 partager ! Tous les mercredis | 15:30...<\/font> <br\/><br\/>\r\n                <\/td>\r\n        <\/tr>\r\n\r\n\t\t<tr onclick=\"location.href='https:\/\/www.if-laos.org\/lo\/events\/francais-pour-enfant\/';\" style=\"cursor: pointer;\">\r\n            <td> <img src='https:\/\/www.if-laos.org\/wp-content\/uploads\/2025\/12\/French.png' alt='Fran\u00e7ais pour enfant'\/><br\/>\r\n            <font color=\"#006699\" style=\"font-size:14px;\">\u0e9e\u0eb2\u0eaa\u0eb2\u0e9d\u0ea3\u0eb1\u0ec8\u0e87\u0e87\u0ec8\u0eb2\u0e8d\u0edc\u0ec9\u0ead\u0e8d\u0e94\u0ebd\u0ea7 \u0eab\u0ebc\u0eb1\u0e81\u0eaa\u0eb9\u0e94\u0e9e\u0eb2\u0eaa\u0eb2\u0e9d\u0ea3\u0eb1\u0ec8\u0e87\u0eaa\u0ecd\u0eb2\u0ea5\u0eb1\u0e9a\u0e97\u0eb8\u0e81\u0ec0\u0e9e\u0e94\u0e97\u0eb8\u0e81\u0ec4\u0ea7 start soon in May 2026<\/font> <br\/><br\/>\r\n                <\/td>\r\n        <\/tr>\r\n\r\n\t\t<tr onclick=\"location.href='https:\/\/www.if-laos.org\/lo\/events\/lao-cours-2\/';\" style=\"cursor: pointer;\">\r\n            <td> <img src='https:\/\/www.if-laos.org\/wp-content\/uploads\/2026\/03\/Smooth-Lao-10122025.png' alt='Lao cours'\/><br\/>\r\n            <font color=\"#006699\" style=\"font-size:14px;\">Connect with locals Start soon in May 2026<\/font> <br\/><br\/>\r\n                <\/td>\r\n        <\/tr>\r\n\r\n\t\t<tr onclick=\"location.href='https:\/\/www.if-laos.org\/lo\/events\/nouvelle-session-2\/';\" style=\"cursor: pointer;\">\r\n            <td> <img src='https:\/\/www.if-laos.org\/wp-content\/uploads\/2025\/12\/Nouvelle-session-10122025-1.png' alt='Nouvelle session'\/><br\/>\r\n            <font color=\"#006699\" style=\"font-size:14px;\">\u0ec0\u0e9b\u0eb5\u0e94\u0ec0\u0e97\u0eb5\u0ea1\u0ec3\u0edd\u0ec8! New session start soon in May 2026<\/font> <br\/><br\/>\r\n                <\/td>\r\n        <\/tr>\r\n\r\n\t\t<\/tbody><\/table><\/div><\/p>\n","protected":false},"excerpt":{"rendered":"<p>\u0ea2\u0eb2\u0e81\u0eae\u0ebd\u0e99 \u0e9e\u0eb2\u0eaa\u0eb2\u0e9d\u0ea3\u0eb1\u0ec8\u0e87 \u0e9a\u0ecd\u0ec8\u00a0? \u0eaa\u0ead\u0e9a\u0e96\u0eb2\u0ea1\u0e82\u0ecd\u0ec9\u0ea1\u0eb9\u0e99 \u0ec4\u0e94\u0ec9\u0e97\u0eb5\u0ec8 \u0eaa\u0eb0\u0e96\u0eb2\u0e9a\u0eb1\u0e99\u0e9d\u0ea3\u0eb1\u0ec8\u0e87\u00a0! \u0e95\u0eb1\u0ec9\u0e87\u0ec1\u0e95\u0ec8 \u0e9b\u0eb5 1994, \u0eaa\u0eb0\u0e96\u0eb2\u0e9a\u0eb1\u0e99\u0e9d\u0ea3\u0eb1\u0ec8\u0e87 \u0ec0\u0e9b\u0eb1\u0e99 \u0eaa\u0eb9\u0e99\u0e81\u0eb2\u0e87\u0e81\u0eb2\u0e99\u0eaa\u0ead\u0e99 \u0e9e\u0eb2\u0eaa\u0eb2\u0e9d\u0ea3\u0eb1\u0ec8\u0e87 \u0ec3\u0e99 \u0eaa\u0e9b\u0e9b \u0ea5\u0eb2\u0ea7. \u0eae\u0eb9\u0e9a\u0ec1\u0e9a\u0e9a\u0e81\u0eb2\u0e99\u0eaa\u0eb4\u0e94\u0eaa\u0ead\u0e99\u0e9e\u0eb2\u0eaa\u0eb2 \u0e97\u0eb5\u0ec8 \u0eab\u0ebc\u0eb2\u0e81\u0eab\u0ebc\u0eb2\u0e8d \u0eab\u0ebc\u0eb1\u0e81\u0eaa\u0eb9\u0e94\u0e84\u0eb8\u0e99\u0eb0\u0e9e\u0eb2\u0e9a \u0ec3\u0e99 \u0eaa\u0eb0\u0e96\u0eb2\u0e9a\u0eb1\u0e99 \u0e97\u0eb2\u0e87\u0e81\u0eb2\u0e99 \u0eaa\u0eb9\u0e99\u0eaa\u0ead\u0e9a\u0ec0\u0eaa\u0eb1\u0e87 \u0e9e\u0eb2\u0eaa\u0eb2\u0e9d\u0ea3\u0eb1\u0ec8\u0e87 \u0ec1\u0eab\u0ec8\u0e87\u0e94\u0ebd\u0ea7 \u0e97\u0eb5\u0ec8\u0ec4\u0e94\u0ec9\u0eae\u0eb1\u0e9a\u0ead\u0eb0\u0e99\u0eb8\u0e8d\u0eb2\u0e94 \u0e88\u0eb2\u0e81 \u0e9b\u0eb0\u0ec0\u0e97\u0e94\u0e9d\u0ea3\u0eb1\u0ec8\u0e87 \u0e97\u0eb5\u0ea1\u0e87\u0eb2\u0e99\u0e9c\u0eb9\u0ec8\u0eaa\u0eb4\u0e94\u0eaa\u0ead\u0e99 \u0e97\u0eb5\u0ec8\u0ea1\u0eb5\u0e9b\u0eb0\u0eaa\u0ebb\u0e9a\u0e81\u0eb2\u0e99 \u0e81\u0eb2\u0e99\u0eaa\u0eb0\u0ec0\u0edc\u0eb5\u0eab\u0ebc\u0eb1\u0e81\u0eaa\u0eb9\u0e94\u0e81\u0eb2\u0e99\u0eae\u0ebd\u0e99\u0e9e\u0eb2\u0eaa\u0eb2 \u0ec0\u0e96\u0eb4\u0e87\u0e88\u0eb0\u0ea1\u0eb5 \u0ea5\u0eb0\u0e94\u0eb1\u0e9a\u0e9e\u0eb2\u0eaa\u0eb2\u0ec3\u0e99\u0e82\u0eb1\u0ec9\u0e99\u0ec0\u0ea5\u0eb5\u0ec8\u0ea1\u0e95\u0ebb\u0ec9\u0e99 \u0eab\u0ebc\u0eb7 \u0ec3\u0e99\u0e82\u0eb1\u0ec9\u0e99\u0e94\u0eb5\u0ec1\u0ea5\u0ec9\u0ea7 \u0e81\u0ecd\u0ec8\u0e95\u0eb2\u0ea1, \u0e97\u0eb2\u0e87 \u0eaa\u0eb0\u0e96\u0eb2\u0e9a\u0eb1\u0e99\u0e9d\u0ea3\u0eb1\u0ec8\u0e87 \u0ea1\u0eb5 \u0eab\u0ebc\u0eb1\u0e81\u0eaa\u0eb9\u0e94\u0eae\u0ebd\u0e99\u0e97\u0eb5\u0ec8\u0eaa\u0eb2\u0ea1\u0eb2\u0e94\u0e9b\u0eb1\u0e9a\u0ec4\u0e94\u0ec9 \u0e95\u0eb2\u0ea1\u0e84\u0ea7\u0eb2\u0ea1\u0e95\u0ec9\u0ead\u0e87\u0e81\u0eb2\u0e99 \u0ec1\u0ea5\u0eb0 \u0e84\u0ea7\u0eb2\u0ea1\u0eaa\u0eb0\u0e94\u0ea7\u0e81\u0e82\u0ead\u0e87\u0e9c\u0eb9\u0ec8\u0eae\u0ebd\u0e99. \u0ec0\u0e9b\u0eb1\u0e99\u0eab\u0ebc\u0eb1\u0e81\u0eaa\u0eb9\u0e94 \u0e97\u0eb5\u0ec8 \u0ec0\u0edd\u0eb2\u0eb0\u0eaa\u0ebb\u0ea1 \u0eaa\u0eb3\u0ea5\u0eb1\u0e9a \u0e97\u0eb1\u0e87 \u0ec0\u0e94\u0eb1\u0e81\u0e99\u0ec9\u0ead\u0e8d \u0eab\u0ebc\u0eb7 \u0e9c\u0eb9\u0ec8\u0ec3\u0eab\u0e8d\u0ec8, \u0e99\u0eb1\u0e81\u0eaa\u0eb6\u0e81\u0eaa\u0eb2 \u0eab\u0ebc\u0eb7 \u0e9c\u0eb9\u0ec8\u0e97\u0eb5\u0ec8\u0ec0\u0eae\u0eb1\u0e94\u0ea7\u0ebd\u0e81\u0ec1\u0ea5\u0ec9\u0ea7. [&hellip;]<\/p>\n","protected":false},"author":1,"featured_media":0,"parent":0,"menu_order":0,"comment_status":"closed","ping_status":"closed","template":"","meta":[],"_links":{"self":[{"href":"https:\/\/www.if-laos.org\/lo\/wp-json\/wp\/v2\/pages\/178\/"}],"collection":[{"href":"https:\/\/www.if-laos.org\/lo\/wp-json\/wp\/v2\/pages\/"}],"about":[{"href":"https:\/\/www.if-laos.org\/lo\/wp-json\/wp\/v2\/types\/page\/"}],"author":[{"embeddable":true,"href":"https:\/\/www.if-laos.org\/lo\/wp-json\/wp\/v2\/users\/1\/"}],"replies":[{"embeddable":true,"href":"https:\/\/www.if-laos.org\/lo\/wp-json\/wp\/v2\/comments\/?post=178"}],"version-history":[{"count":7,"href":"https:\/\/www.if-laos.org\/lo\/wp-json\/wp\/v2\/pages\/178\/revisions\/"}],"predecessor-version":[{"id":5238,"href":"https:\/\/www.if-laos.org\/lo\/wp-json\/wp\/v2\/pages\/178\/revisions\/5238\/"}],"wp:attachment":[{"href":"https:\/\/www.if-laos.org\/lo\/wp-json\/wp\/v2\/media\/?parent=178"}],"curies":[{"name":"wp","href":"https:\/\/api.w.org\/{rel}","templated":true}]}}