{"id":5189,"date":"2020-03-02T15:59:25","date_gmt":"2020-03-02T08:59:25","guid":{"rendered":"http:\/\/www.if-laos.org\/cours-luang-prabang\/"},"modified":"2020-03-20T10:04:27","modified_gmt":"2020-03-20T03:04:27","slug":"cours-luang-prabang","status":"publish","type":"page","link":"https:\/\/www.if-laos.org\/lo\/cours-luang-prabang\/","title":{"rendered":"\u0eae\u0ebd\u0e99\u0e9e\u0eb2\u0eaa\u0eb2\u0e9d\u0ea3\u0eb1\u0ec8\u0e87\u0e97\u0ebb\u0ec8\u0ea7\u0ec4\u0e9b"},"content":{"rendered":"<p><span style=\"color: #085987;\">\u0eae\u0ebd\u0e99\u0e9e\u0eb2\u0eaa\u0eb2\u0e9d\u0ea3\u0eb1\u0ec8\u0e87\u0e97\u0ebb\u0ec8\u0ea7\u0ec4\u0e9b<\/span><\/p>\n<p>\u0eaa\u0eb0\u0e96\u0eb2\u0e9a\u0eb1\u0e99\u0e9d\u0ea3\u0eb1\u0ec8\u0e87 \u0ec1\u0ea1\u0ec8\u0e99 \u0eaa\u0eb9\u0e99\u0e81\u0eb2\u0e87\u0e97\u0eb5\u0ec8\u0ec0\u0e9b\u0eb1\u0e99\u0e9a\u0ec8\u0ead\u0e99\u0ead\u0ec9\u0eb2\u0e87\u0ead\u0eb5\u0e87 \u0ec0\u0e9e\u0eb7\u0ec8\u0ead\u0e81\u0eb2\u0e99\u0eae\u0ebd\u0e99\u0e9e\u0eb2\u0eaa\u0eb2\u0e9d\u0ea3\u0eb1\u0ec8\u0e87 \u0ea2\u0eb9\u0ec8 \u0eaa\u0e9b\u0e9b \u0ea5\u0eb2\u0ea7, \u0eab\u0ebc\u0eb1\u0e81\u0eaa\u0eb9\u0e94\u0e97\u0eb5\u0ec8\u0e9e\u0ea7\u0e81\u0ec0\u0eae\u0ebb\u0eb2\u0e99\u0ecd\u0eb2\u0eaa\u0eb0\u0ec0\u0edc\u0eb5\u0ec1\u0ea1\u0ec8\u0e99\u0ea1\u0eb5\u0e84\u0ea7\u0eb2\u0ea1\u0eaa\u0ead\u0e94\u0e84\u0ec8\u0ead\u0e87\u0e81\u0eb1\u0e9a\u0e9c\u0eb9\u0ec9\u0eae\u0ebd\u0e99\u0e97\u0eb8\u0e81\u0ec0\u0e9e\u0e94\u0ec4\u0ea7: \u0e9a\u0ecd\u0ec8\u0ea7\u0ec8\u0eb2\u0e88\u0eb0\u0ec1\u0ea1\u0ec8\u0e99 \u0ec0\u0e94\u0eb1\u0e81, \u0ec4\u0ea7\u0edc\u0eb8\u0ec8\u0ea1, \u0e99\u0eb1\u0e81\u0eae\u0ebd\u0e99, \u0e99\u0eb1\u0e81\u0eaa\u0eb6\u0e81\u0eaa\u0eb2 \u0ec1\u0ea5\u0eb0 \u0e99\u0eb1\u0e81\u0eae\u0ebd\u0e99\u0eae\u0eb9\u0ec9\u0e9b\u0eb1\u0e99\u0e8d\u0eb2\u0e8a\u0ebb\u0e99\u0e97\u0ebb\u0ec8\u0ea7\u0ec4\u0e9b. \u0ec2\u0e94\u0e8d\u0e97\u0ebb\u0ec8\u0ea7\u0ec4\u0e9b\u0ec1\u0ea5\u0ec9\u0ea7, \u0eaa\u0eb9\u0e99\u0e9e\u0eb2\u0eaa\u0eb2\u0e9d\u0ea3\u0eb1\u0ec8\u0e87 \u0e97\u0eb5\u0ec8 \u0eab\u0ebc\u0ea7\u0e87\u0e9e\u0eb0\u0e9a\u0eb2\u0e87 \u0e88\u0eb0\u0e88\u0eb1\u0e94 \u0e81\u0eb2\u0e99\u0eae\u0ebd\u0e99-\u0e81\u0eb2\u0e99\u0eaa\u0ead\u0e99 4 \u0ec0\u0e97\u0eb5\u0ea1 \u0e95\u0ecd\u0ec8\u0e9b\u0eb5 \u0ec2\u0e94\u0e8d\u0ec3\u0e8a\u0ec9\u0ec0\u0ea7\u0ea5\u0eb2\u0eae\u0ebd\u0e99 20-40 \u0e8a\u0ebb\u0ec8\u0ea7 \u0ec2\u0ea1\u0e87\u0e95\u0ecd\u0ec8\u0ec0\u0e97\u0eb5\u0ea1. \u0eaa\u0ec8\u0ea7\u0e99\u0eab\u0ebc\u0eb2\u0e8d\u0e81\u0eb2\u0e99\u0eae\u0ebd\u0e99-\u0e81\u0eb2\u0e99\u0eaa\u0ead\u0e99\u0e82\u0ead\u0e87\u0e9e\u0ea7\u0e81\u0ec0\u0eae\u0ebb\u0eb2\u0e88\u0eb0\u0e88\u0eb1\u0e94\u0ec3\u0e99\u0e95\u0ead\u0e99\u0ec1\u0ea5\u0e87\u0ec2\u0e94\u0e8d\u0ec0\u0ea5\u0eb5\u0ec8\u0ea1\u0ec1\u0e95\u0ec8 16 h 30 \u0ec0\u0e9b\u0eb1\u0e99\u0e95\u0ebb\u0ec9\u0e99\u0ec4\u0e9b. \u0ec2\u0e94\u0e8d\u0ec0\u0ea5\u0eb5\u0ec8\u0ea1\u0ec1\u0e95\u0ec8\u0ea5\u0eb0\u0e94\u0eb1\u0e9a A1 \u0eae\u0ead\u0e94 B2 \u0ec1\u0ea5\u0eb0 \u0e99\u0eb3\u0ec3\u0e8a\u0ec9\u0e95\u0eb3\u0ea5\u0eb2\u0ec1\u0e9a\u0e9a\u0eae\u0ebd\u0e99\u0e97\u0eb5\u0ec8\u0ec3\u0e8a\u0ec9\u0eaa\u0ead\u0e99\u0e9e\u0eb2\u0eaa\u0eb2\u0e9d\u0ea3\u0eb1\u0ec8\u0e87\u0ec2\u0e94\u0e8d\u0eaa\u0eb0\u0ec0\u0e9e\u0eb2\u0eb0.<\/p>\n<p><span style=\"color: #085987;\">\u0e81\u0eb2\u0e99\u0eae\u0ebd\u0e99\u0e81\u0ebd\u0ea1\u0ec0\u0eaa\u0eb1\u0e87 DELF<\/span><\/p>\n<p>\u0e99\u0ead\u0e81\u0e88\u0eb2\u0e81\u0e99\u0eb5\u0ec9, \u0e97\u0eb2\u0e87\u0eaa\u0eb9\u0e99\u0e82\u0ead\u0e87\u0e9e\u0ea7\u0e81\u0ec0\u0eae\u0ebb\u0eb2 \u0e8d\u0eb1\u0e87\u0ec0\u0e9b\u0eb5\u0e94\u0eaa\u0ead\u0e99\u0ec0\u0e9e\u0eb7\u0ec8\u0ead\u0e81\u0ebd\u0ea1\u0ec0\u0eaa\u0eb1\u0e87 \u0ec3\u0e9a\u0e9b\u0eb0\u0e81\u0eb2\u0e94 DELF \u0e97\u0eb5\u0ec8\u0ea2\u0eb1\u0ec9\u0e87\u0ea2\u0eb7\u0e99\u0eae\u0eb1\u0e9a\u0eae\u0ead\u0e87 \u0ec2\u0e94\u0e8d \u0e81\u0eb0\u0e8a\u0ea7\u0e87\u0eaa\u0eb6\u0e81\u0eaa\u0eb2\u0e97\u0eb4\u0e81\u0eb2\u0e99 \u0e82\u0ead\u0e87\u0e9d\u0ea3\u0eb1\u0ec8\u0e87 \u0e97\u0eb5\u0ec8 \u0e9b\u0eb0\u0e81\u0ead\u0e9a\u0ea1\u0eb5 4 \u0ea5\u0eb0\u0e94\u0eb1\u0e9a \u0e95\u0eb2\u0ea1\u0ea1\u0eb2\u0e94\u0e95\u0eb0\u0e96\u0eb2\u0e99 \u0e82\u0ead\u0e87 CECR (Le Cadre europ\u00e9en de r\u00e9f\u00e9rence pour les langues) \u0ec0\u0e8a\u0eb4\u0ec8\u0e87\u0ec3\u0e9a\u0e9b\u0eb0\u0e81\u0eb2\u0e94\u0e94\u0eb1\u0ec8\u0e87\u0e81\u0ec8\u0eb2\u0ea7\u0e88\u0eb0\u0e8a\u0ec8\u0ea7\u0e8d\u0ea2\u0eb1\u0ec9\u0e87\u0ea2\u0eb7\u0e99\u0ea5\u0eb0\u0e94\u0eb1\u0e9a\u0e9e\u0eb2\u0eaa\u0eb2\u0e9d\u0ea3\u0eb1\u0ec8\u0e87\u0ec3\u0eab\u0ec9\u0ec1\u0e81\u0ec8\u0e9c\u0eb9\u0ec9\u0e97\u0eb5\u0ec8\u0ea1\u0eb5\u0e88\u0eb8\u0e94\u0e9b\u0eb0\u0eaa\u0ebb\u0e87 \u0eaa\u0eb6\u0e81\u0eaa\u0eb2\u0e95\u0ecd\u0ec8 \u0ea2\u0eb9\u0ec8\u0e9b\u0eb0\u0ec0\u0e97\u0e94\u0e9d\u0ea3\u0eb1\u0ec8\u0e87 \u0ec1\u0ea5\u0eb0 \u0ea2\u0eb9\u0ec8\u0e9a\u0eb1\u0e99\u0e94\u0eb2\u0e9b\u0eb0\u0ec0\u0e97\u0e94\u0e97\u0eb5\u0ec8\u0ec3\u0e8a\u0ec9\u0e9e\u0eb2\u0eaa\u0eb2\u0e9d\u0ea3\u0eb1\u0ec8\u0e87. \u0e94\u0eb1\u0ec8\u0e87\u0e97\u0eb5\u0ec8\u0eae\u0eb1\u0e9a\u0e8a\u0eb2\u0e9a, \u0eaa\u0eb0\u0e96\u0eb2\u0e9a\u0eb1\u0e99\u0e9d\u0ea3\u0eb1\u0ec8\u0e87 \u0ec0\u0e9b\u0eb1\u0e99\u0ead\u0ebb\u0e87\u0e81\u0eb2\u0e99\u0e88\u0eb1\u0e94\u0e95\u0eb1\u0ec9\u0e87\u0ec1\u0eab\u0ec8\u0e87\u0e94\u0ebd\u0ea7 \u0e97\u0eb5\u0ec8\u0e96\u0eb7\u0e81\u0eae\u0eb1\u0e9a\u0eae\u0ead\u0e87 \u0ead\u0eb0\u0e99\u0eb8\u0e8d\u0eb2\u0e94 \u0e88\u0eb2\u0e81 \u0ea5\u0eb1\u0e94\u0e96\u0eb0\u0e9a\u0eb2\u0e99\u0e9d\u0ea3\u0eb1\u0ec8\u0e87 \u0ec0\u0e9e\u0eb7\u0ec8\u0ead\u0e88\u0eb1\u0e94\u0e81\u0eb2\u0e99\u0eaa\u0ead\u0e9a\u0ec0\u0eaa\u0eb1\u0e87 <a href=\"http:\/\/www.if-laos.org\/certification-delf\/\">\u0ec0\u0ead\u0ebb\u0eb2\u0ec3\u0e9a\u0e9b\u0eb0\u0e81\u0eb2\u0e94 DELF \u0ea2\u0eb9\u0ec8 \u0eaa\u0e9b\u0e9b\u0ea5\u0eb2\u0ea7.<\/a><\/p>\n<p><span style=\"color: #085987;\">\u0eae\u0ebd\u0e99\u0e9e\u0eb2\u0eaa\u0eb2\u0ea5\u0eb2\u0ea7<\/span><\/p>\n<p>\u0e88\u0eb0\u0e88\u0eb1\u0e94\u0ea1\u0eb5 4 \u0ec0\u0e97\u0eb5\u0ea1\u0e95\u0ecd\u0ec8\u0e9b\u0eb5 \u0eaa\u0eb3\u0ea5\u0eb1\u0e9a\u0e81\u0eb2\u0e99\u0e88\u0eb1\u0e94\u0e81\u0eb2\u0e99\u0eae\u0ebd\u0e99-\u0e81\u0eb2\u0e99\u0eaa\u0ead\u0e99\u0e9e\u0eb2\u0eaa\u0eb2\u0ea5\u0eb2\u0ea7\u0ec2\u0e94\u0e8d\u0ec3\u0e8a\u0ec9\u0ec0\u0ea7\u0ea5\u0eb2 20 \u0e8a\u0ebb\u0ec8\u0ea7\u0ec2\u0ea1\u0e87\u0e95\u0ecd\u0ec8\u0ec0\u0e97\u0eb5\u0ea1 \u0ec0\u0e8a\u0eb4\u0ec8\u0e87\u0e9b\u0eb0\u0e81\u0ead\u0e9a\u0ea1\u0eb5\u0eaa\u0ead\u0e87\u0eae\u0eb9\u0e9a\u0ec1\u0e9a\u0e9a\u0e81\u0eb2\u0e99\u0ec0\u0e9d\u0eb4\u0e81\u0ead\u0ebb\u0e9a\u0eae\u0ebb\u0ea1\u0e84\u0eb7:<\/p>\n<ul>\n<li>\u0ea5\u0eb0\u0e94\u0eb1\u0e9a\u0ec0\u0ea5\u0eb5\u0ec9\u0ea1\u0e95\u0ebb\u0ec9\u0e99: \u0ec0\u0ea5\u0eb5\u0ec8\u0ea1\u0eae\u0ebd\u0e99\u0e95\u0ebb\u0ea7\u0ead\u0eb1\u0e81\u0eaa\u0ead\u0e99\u0ea5\u0eb2\u0ea7 \u0ec1\u0ea5\u0eb0 \u0e81\u0eb2\u0e99\u0e97\u0eb1\u0e81\u0e97\u0eb2\u0e8d\u0eaa\u0eb0\u0e9a\u0eb2\u0e8d\u0e94\u0eb5 \u0e95\u0eb2\u0ea1\u0e8a\u0eb5\u0ea7\u0eb4\u0e94\u0e9b\u0eb0\u0e88\u0eb3\u0ea7\u0eb1\u0e99 \u0e97\u0eb5\u0ec8\u0ec0\u0e84\u0eb5\u0e8d\u0ec3\u0e8a\u0ec9 \u0ec2\u0e94\u0e8d\u0eaa\u0ebb\u0e99\u0e97\u0eb0\u0e99\u0eb2\u0e9b\u0eb2\u0e81\u0e95\u0ecd\u0ec8\u0e9b\u0eb2\u0e81.<\/li>\n<li>\u0ea5\u0eb0\u0e94\u0eb1\u0e9a\u0e9b\u0eb2\u0e99\u0e81\u0eb2\u0e87: \u0eaa\u0ebb\u0e99\u0e97\u0eb0\u0e99\u0eb2\u0e9b\u0eb2\u0e81\u0e95\u0ecd\u0ec8\u0e9b\u0eb2\u0e81, \u0eae\u0ebd\u0e99\u0ead\u0ec8\u0eb2\u0e99 \u0ec1\u0ea5\u0eb0 \u0e82\u0ebd\u0e99\u0e9e\u0eb2\u0eaa\u0eb2\u0ea5\u0eb2\u0ea7.<\/li>\n<\/ul>\n<p>\u0eaa\u0eb3\u0ea5\u0eb1\u0e9a\u0e84\u0eb9\u0eaa\u0ead\u0e99\u0ec1\u0ea1\u0ec8\u0e99\u0e84\u0eb9\u0e84\u0ebb\u0e99\u0ea5\u0eb2\u0ea7\u0e97\u0eb5\u0ec8\u0ea1\u0eb5\u0e9b\u0eb0\u0eaa\u0ebb\u0e9a\u0e81\u0eb2\u0e99\u0eaa\u0ead\u0e99\u0e9e\u0eb2\u0eaa\u0eb2\u0e9d\u0ea3\u0eb1\u0ec8\u0e87\u0ea1\u0eb2\u0eab\u0ebc\u0eb2\u0e8d\u0e9b\u0eb5.<\/p>\n<p><span style=\"color: #085987;\">\u0eae\u0ebd\u0e99\u0eaa\u0eb2\u0e8d\u0ea7\u0eb4\u0e8a\u0eb2\u0e81\u0eb2\u0e99\u0eaa\u0eb0\u0ec0\u0e9e\u0eb2\u0eb0 \u0ec1\u0ea5\u0eb0 \u0eae\u0ebd\u0e99\u0e9e\u0eb4\u0ec0\u0eaa\u0e94<\/span><\/p>\n<p>\u0eaa\u0eb9\u0e99\u0e82\u0ead\u0e87\u0e9e\u0ea7\u0e81\u0ec0\u0eae\u0ebb\u0eb2\u0ec4\u0e94\u0ec9\u0e88\u0eb1\u0e94 \u0e81\u0eb2\u0e99\u0eae\u0ebd\u0e99-\u0e81\u0eb2\u0e99\u0eaa\u0ead\u0e99\u0e9e\u0eb2\u0eaa\u0eb2\u0e9d\u0ea3\u0eb1\u0ec8\u0e87 \u0e94\u0ec9\u0eb2\u0e99\u0e81\u0eb2\u0e99\u0e97\u0ec8\u0ead\u0e87\u0e97\u0ec8\u0ebd\u0ea7 \u0e97\u0eb5\u0ec8\u0eaa\u0ec8\u0ead\u0e94\u0e84\u0ec8\u0ead\u0e87\u0e81\u0eb1\u0e9a\u0e84\u0eb9-\u0ead\u0eb2\u0e88\u0eb2\u0e99 \u0ec1\u0ea5\u0eb0 \u0e9a\u0eb8\u0e81\u0e84\u0ebb\u0e99\u0e97\u0eb5\u0ec8\u0ea2\u0eb2\u0e81\u0e8a\u0ead\u0e81\u0eae\u0eb9\u0ec9\u0e97\u0eb2\u0e87\u0e94\u0ec9\u0eb2\u0e99\u0e9e\u0eb2\u0eaa\u0eb2\u0e97\u0eb5\u0ec8\u0ec0\u0e99\u0eb1\u0ec9\u0e99\u0ec3\u0eaa\u0ec8 \u0e81\u0eb2\u0e99\u0ec0\u0eae\u0eb1\u0e94\u0ea7\u0ebd\u0e81\u0ec0\u0eae\u0eb7\u0ead\u0e99\u0e9e\u0eb1\u0e81, \u0ec2\u0eae\u0e87\u0ec1\u0eae\u0ea1 \u0ec1\u0ea5\u0eb0 \u0eae\u0ec9\u0eb2\u0e99\u0ead\u0eb2\u0eab\u0eb2\u0e99\u0e95\u0ec8\u0eb2\u0e87\u0ec6.<\/p>\n<p>\u0e97\u0ec9\u0eb2\u0e8d\u0e99\u0eb5\u0ec9, \u0eaa\u0eb0\u0e96\u0eb2\u0e9a\u0eb1\u0e99\u0e9d\u0ea3\u0eb1\u0ec8\u0e87 \u0eaa\u0eb2\u0ea1\u0eb2\u0e94\u0e88\u0eb1\u0e94\u0e8a\u0ebb\u0ec8\u0ea7\u0ec2\u0ea1\u0e87\u0eaa\u0ead\u0e99\u0e9e\u0eb4\u0ec0\u0eaa\u0e94 \u0ec1\u0ea5\u0eb0 \u0ead\u0ead\u0e81\u0ec1\u0e9a\u0e9a\u0e81\u0eb2\u0e99\u0eaa\u0ead\u0e99\u0e95\u0eb2\u0ea1\u0ea5\u0eb0\u0e94\u0eb1\u0e9a (\u0ec0\u0e99\u0eb7\u0ec9\u0ead\u0ec3\u0e99\u0e81\u0eb2\u0e99\u0eaa\u0ead\u0e99) \u0e95\u0eb2\u0ea1\u0e84\u0ea7\u0eb2\u0ea1\u0e95\u0ec9\u0ead\u0e87\u0e81\u0eb2\u0e99 \u0ec1\u0ea5\u0eb0 \u0e84\u0ea7\u0eb2\u0ea1\u0eaa\u0eb0\u0e94\u0ea7\u0e81 \u0e82\u0ead\u0e87\u0e97\u0ec8\u0eb2\u0e99.<\/p>\n<p>\u0e97\u0ec9\u0eb2\u0e8d\u0e99\u0eb5\u0ec9, \u0e97\u0ec8\u0eb2\u0e99\u0eaa\u0eb2\u0ea1\u0eb2\u0e94\u0ec0\u0e82\u0ebb\u0ec9\u0eb2\u0ec4\u0e9b\u0e94\u0eb2\u0ea7\u0ec2\u0eab\u0ebc\u0e94\u0ec2\u0e9a\u0ea5\u0e8a\u0ebb\u0ea7\u0e97\u0eb5\u0ec8<br \/>\n\u0e8a\u0eb5\u0ec9\u0ec1\u0e88\u0e87\u0ea5\u0eb2\u0e8d\u0ea5\u0eb0\u0ead\u0ebd\u0e94\u0e95\u0eb2\u0ea1\u0e84\u0ea7\u0eb2\u0ea1\u0e95\u0ec9\u0ead\u0e87\u0e81\u0eb2\u0e99\u0e82\u0ead\u0e87\u0e97\u0ec8\u0eb2\u0e99\u0ec4\u0e94\u0ec9\u0e94\u0eb1\u0ec8\u0e87\u0ea5\u0eb8\u0ec8\u0ea1\u0e99\u0eb5\u0ec9:<\/p>\n<p><a href=\"http:\/\/if-laos.org\/img-laos\/LPG-Tarifs%20session.pdf\" target=\"_blank\" rel=\"noopener noreferrer\">\u0e84\u0ec8\u0eb2\u0eae\u0ebd\u0e99<\/a><\/p>\n<div class='css-events-list'>\u0e9a\u0ecd\u0ec8\u0ea1\u0eb5\u0e81\u0eb4\u0e94\u0e88\u0eb0\u0e81\u0ecd\u0eb2<\/div>\n","protected":false},"excerpt":{"rendered":"<p>\u0eae\u0ebd\u0e99\u0e9e\u0eb2\u0eaa\u0eb2\u0e9d\u0ea3\u0eb1\u0ec8\u0e87\u0e97\u0ebb\u0ec8\u0ea7\u0ec4\u0e9b \u0eaa\u0eb0\u0e96\u0eb2\u0e9a\u0eb1\u0e99\u0e9d\u0ea3\u0eb1\u0ec8\u0e87 \u0ec1\u0ea1\u0ec8\u0e99 \u0eaa\u0eb9\u0e99\u0e81\u0eb2\u0e87\u0e97\u0eb5\u0ec8\u0ec0\u0e9b\u0eb1\u0e99\u0e9a\u0ec8\u0ead\u0e99\u0ead\u0ec9\u0eb2\u0e87\u0ead\u0eb5\u0e87 \u0ec0\u0e9e\u0eb7\u0ec8\u0ead\u0e81\u0eb2\u0e99\u0eae\u0ebd\u0e99\u0e9e\u0eb2\u0eaa\u0eb2\u0e9d\u0ea3\u0eb1\u0ec8\u0e87 \u0ea2\u0eb9\u0ec8 \u0eaa\u0e9b\u0e9b \u0ea5\u0eb2\u0ea7, \u0eab\u0ebc\u0eb1\u0e81\u0eaa\u0eb9\u0e94\u0e97\u0eb5\u0ec8\u0e9e\u0ea7\u0e81\u0ec0\u0eae\u0ebb\u0eb2\u0e99\u0ecd\u0eb2\u0eaa\u0eb0\u0ec0\u0edc\u0eb5\u0ec1\u0ea1\u0ec8\u0e99\u0ea1\u0eb5\u0e84\u0ea7\u0eb2\u0ea1\u0eaa\u0ead\u0e94\u0e84\u0ec8\u0ead\u0e87\u0e81\u0eb1\u0e9a\u0e9c\u0eb9\u0ec9\u0eae\u0ebd\u0e99\u0e97\u0eb8\u0e81\u0ec0\u0e9e\u0e94\u0ec4\u0ea7: \u0e9a\u0ecd\u0ec8\u0ea7\u0ec8\u0eb2\u0e88\u0eb0\u0ec1\u0ea1\u0ec8\u0e99 \u0ec0\u0e94\u0eb1\u0e81, \u0ec4\u0ea7\u0edc\u0eb8\u0ec8\u0ea1, \u0e99\u0eb1\u0e81\u0eae\u0ebd\u0e99, \u0e99\u0eb1\u0e81\u0eaa\u0eb6\u0e81\u0eaa\u0eb2 \u0ec1\u0ea5\u0eb0 \u0e99\u0eb1\u0e81\u0eae\u0ebd\u0e99\u0eae\u0eb9\u0ec9\u0e9b\u0eb1\u0e99\u0e8d\u0eb2\u0e8a\u0ebb\u0e99\u0e97\u0ebb\u0ec8\u0ea7\u0ec4\u0e9b. \u0ec2\u0e94\u0e8d\u0e97\u0ebb\u0ec8\u0ea7\u0ec4\u0e9b\u0ec1\u0ea5\u0ec9\u0ea7, \u0eaa\u0eb9\u0e99\u0e9e\u0eb2\u0eaa\u0eb2\u0e9d\u0ea3\u0eb1\u0ec8\u0e87 \u0e97\u0eb5\u0ec8 \u0eab\u0ebc\u0ea7\u0e87\u0e9e\u0eb0\u0e9a\u0eb2\u0e87 \u0e88\u0eb0\u0e88\u0eb1\u0e94 \u0e81\u0eb2\u0e99\u0eae\u0ebd\u0e99-\u0e81\u0eb2\u0e99\u0eaa\u0ead\u0e99 4 \u0ec0\u0e97\u0eb5\u0ea1 \u0e95\u0ecd\u0ec8\u0e9b\u0eb5 \u0ec2\u0e94\u0e8d\u0ec3\u0e8a\u0ec9\u0ec0\u0ea7\u0ea5\u0eb2\u0eae\u0ebd\u0e99 20-40 \u0e8a\u0ebb\u0ec8\u0ea7 \u0ec2\u0ea1\u0e87\u0e95\u0ecd\u0ec8\u0ec0\u0e97\u0eb5\u0ea1. \u0eaa\u0ec8\u0ea7\u0e99\u0eab\u0ebc\u0eb2\u0e8d\u0e81\u0eb2\u0e99\u0eae\u0ebd\u0e99-\u0e81\u0eb2\u0e99\u0eaa\u0ead\u0e99\u0e82\u0ead\u0e87\u0e9e\u0ea7\u0e81\u0ec0\u0eae\u0ebb\u0eb2\u0e88\u0eb0\u0e88\u0eb1\u0e94\u0ec3\u0e99\u0e95\u0ead\u0e99\u0ec1\u0ea5\u0e87\u0ec2\u0e94\u0e8d\u0ec0\u0ea5\u0eb5\u0ec8\u0ea1\u0ec1\u0e95\u0ec8 16 h 30 \u0ec0\u0e9b\u0eb1\u0e99\u0e95\u0ebb\u0ec9\u0e99\u0ec4\u0e9b. \u0ec2\u0e94\u0e8d\u0ec0\u0ea5\u0eb5\u0ec8\u0ea1\u0ec1\u0e95\u0ec8\u0ea5\u0eb0\u0e94\u0eb1\u0e9a A1 \u0eae\u0ead\u0e94 B2 \u0ec1\u0ea5\u0eb0 \u0e99\u0eb3\u0ec3\u0e8a\u0ec9\u0e95\u0eb3\u0ea5\u0eb2\u0ec1\u0e9a\u0e9a\u0eae\u0ebd\u0e99\u0e97\u0eb5\u0ec8\u0ec3\u0e8a\u0ec9\u0eaa\u0ead\u0e99\u0e9e\u0eb2\u0eaa\u0eb2\u0e9d\u0ea3\u0eb1\u0ec8\u0e87\u0ec2\u0e94\u0e8d\u0eaa\u0eb0\u0ec0\u0e9e\u0eb2\u0eb0. \u0e81\u0eb2\u0e99\u0eae\u0ebd\u0e99\u0e81\u0ebd\u0ea1\u0ec0\u0eaa\u0eb1\u0e87 DELF \u0e99\u0ead\u0e81\u0e88\u0eb2\u0e81\u0e99\u0eb5\u0ec9, \u0e97\u0eb2\u0e87\u0eaa\u0eb9\u0e99\u0e82\u0ead\u0e87\u0e9e\u0ea7\u0e81\u0ec0\u0eae\u0ebb\u0eb2 \u0e8d\u0eb1\u0e87\u0ec0\u0e9b\u0eb5\u0e94\u0eaa\u0ead\u0e99\u0ec0\u0e9e\u0eb7\u0ec8\u0ead\u0e81\u0ebd\u0ea1\u0ec0\u0eaa\u0eb1\u0e87 \u0ec3\u0e9a\u0e9b\u0eb0\u0e81\u0eb2\u0e94 DELF \u0e97\u0eb5\u0ec8\u0ea2\u0eb1\u0ec9\u0e87\u0ea2\u0eb7\u0e99\u0eae\u0eb1\u0e9a\u0eae\u0ead\u0e87 \u0ec2\u0e94\u0e8d \u0e81\u0eb0\u0e8a\u0ea7\u0e87\u0eaa\u0eb6\u0e81\u0eaa\u0eb2\u0e97\u0eb4\u0e81\u0eb2\u0e99 \u0e82\u0ead\u0e87\u0e9d\u0ea3\u0eb1\u0ec8\u0e87 \u0e97\u0eb5\u0ec8 \u0e9b\u0eb0\u0e81\u0ead\u0e9a\u0ea1\u0eb5 4 \u0ea5\u0eb0\u0e94\u0eb1\u0e9a [&hellip;]<\/p>\n","protected":false},"author":1,"featured_media":0,"parent":0,"menu_order":0,"comment_status":"closed","ping_status":"closed","template":"","meta":[],"_links":{"self":[{"href":"https:\/\/www.if-laos.org\/lo\/wp-json\/wp\/v2\/pages\/5189\/"}],"collection":[{"href":"https:\/\/www.if-laos.org\/lo\/wp-json\/wp\/v2\/pages\/"}],"about":[{"href":"https:\/\/www.if-laos.org\/lo\/wp-json\/wp\/v2\/types\/page\/"}],"author":[{"embeddable":true,"href":"https:\/\/www.if-laos.org\/lo\/wp-json\/wp\/v2\/users\/1\/"}],"replies":[{"embeddable":true,"href":"https:\/\/www.if-laos.org\/lo\/wp-json\/wp\/v2\/comments\/?post=5189"}],"version-history":[{"count":5,"href":"https:\/\/www.if-laos.org\/lo\/wp-json\/wp\/v2\/pages\/5189\/revisions\/"}],"predecessor-version":[{"id":5566,"href":"https:\/\/www.if-laos.org\/lo\/wp-json\/wp\/v2\/pages\/5189\/revisions\/5566\/"}],"wp:attachment":[{"href":"https:\/\/www.if-laos.org\/lo\/wp-json\/wp\/v2\/media\/?parent=5189"}],"curies":[{"name":"wp","href":"https:\/\/api.w.org\/{rel}","templated":true}]}}